{"id":401,"date":"2023-12-14T21:33:01","date_gmt":"2023-12-14T20:33:01","guid":{"rendered":"https:\/\/ishvara-conscience.com\/?page_id=401"},"modified":"2025-12-18T22:36:31","modified_gmt":"2025-12-18T21:36:31","slug":"meditations-sur-les-energies-du-zodiaque","status":"publish","type":"page","link":"https:\/\/ishvara-conscience.com\/index.php\/meditations-conferences\/meditations-sur-les-energies-du-zodiaque\/","title":{"rendered":"Enseignements et m\u00e9ditations sur les \u00e9nergies astrologiques du mois"},"content":{"rendered":"\n<h3 class=\"wp-block-heading\" style=\"font-size:32px\"><strong>Les 12 travaux d\u2019Hercule<\/strong> \u00e0 la lumi\u00e8re des 12 \u00e9nergies astrologiques<\/h3>\n\n\n\n<p><\/p>\n\n\n\n<div style=\"height:40px\" aria-hidden=\"true\" class=\"wp-block-spacer\"><\/div>\n\n\n\n<p style=\"font-size:18px\">A travers des enseignements, des m\u00e9ditations guid\u00e9es et des \u00e9changes, nous explorons la fa\u00e7on dont les \u00e9nergies astrologiques influencent mois apr\u00e8s mois les comportements et la psychologie de l\u2019humanit\u00e9 dans son ensemble.<\/p>\n\n\n\n<p style=\"font-size:18px\"><br>Notre approche de l\u2019astrologie se veut globale.<\/p>\n\n\n\n<p><\/p>\n\n\n\n<p style=\"font-size:18px\">Cette ann\u00e9e, nous nous pencherons sur les enseignements des 12 travaux d&rsquo;Hercule. Hercule nous donne les cl\u00e9s pour franchir les\u00a0<strong>douze grandes \u00e9tapes de tout \u00eatre humain en \u00e9volution<\/strong>, en lien avec les douze signes astrologiques.\u00a0<br><br>Il expose la mani\u00e8re de transcender les in\u00e9vitables \u00e9preuves de l\u2019incarnation pour atteindre la sagesse, et donc\u00a0<strong>le chemin pour vivre et rayonner \u00e0 partir de l\u2019\u00c2me que nous sommes.<\/strong><\/p>\n\n\n\n<p style=\"font-size:18px\">A la lumi\u00e8re de chaque travail d\u2019Hercule et de l\u2019\u00e9nergie astrologique sous-jacente, Xavier propose\u00a0<strong>un enseignement et une m\u00e9ditation chaque mois,<br>permettant de faire des ponts concrets avec nos v\u00e9cus au quotidien.<\/strong><\/p>\n\n\n\n<p style=\"font-size:18px\">Ces douze travaux d\u2019Hercule constituent des\u00a0<strong>savoir-\u00eatre \u00e9volutifs<\/strong> <strong>\u00e0 appliquer dans nos existences.<\/strong><\/p>\n\n\n\n<p style=\"font-size:18px\">Ils sont une\u00a0<strong>source d\u2019inspiration pour d\u00e9couvrir la solution<\/strong> <strong>derri\u00e8re chaque \u00e9v\u00e8nement particulier ou collectif.<\/strong><\/p>\n\n\n\n<div style=\"height:20px\" aria-hidden=\"true\" class=\"wp-block-spacer\"><\/div>\n\n\n\n<hr class=\"wp-block-separator has-text-color has-alpha-channel-opacity has-background is-style-wide\" style=\"background-color:#deba4d;color:#deba4d\"\/>\n\n\n\n<div style=\"height:20px\" aria-hidden=\"true\" class=\"wp-block-spacer\"><\/div>\n\n\n\n<h4 class=\"wp-block-heading\" style=\"font-size:21px\">Infos pratiques<\/h4>\n\n\n\n<p style=\"font-size:18px\">Enseignement suivi d&rsquo;une m\u00e9ditation et d&rsquo;\u00e9changes de groupe<\/p>\n\n\n\n<p><\/p>\n\n\n\n<p style=\"font-size:18px\"><strong>En 2026 : <\/strong><\/p>\n\n\n\n<p style=\"font-size:18px\">Un mardi par mois de 19h \u00e0 21h30 \u00e0 Aywaille<\/p>\n\n\n\n<p style=\"font-size:18px\">Prix : 15 \u20ac par personne, par soir\u00e9e<\/p>\n\n\n\n<div style=\"height:20px\" aria-hidden=\"true\" class=\"wp-block-spacer\"><\/div>\n\n\n\n<hr class=\"wp-block-separator has-text-color has-alpha-channel-opacity has-background is-style-wide\" style=\"background-color:#deba4d;color:#deba4d\"\/>\n\n\n\n<div class=\"wp-block-group has-background is-vertical is-content-justification-stretch is-layout-flex wp-container-core-group-is-layout-b16ad781 wp-block-group-is-layout-flex\" style=\"background-color:#fbfbfb\">\n<h4 class=\"wp-block-heading has-text-align-center has-text-color has-background\" style=\"color:#ffffff;background-color:#692c85;font-size:24px\">Informations g\u00e9n\u00e9rales<\/h4>\n\n\n\n<div style=\"height:0px\" aria-hidden=\"true\" class=\"wp-block-spacer wp-container-content-728072c3\"><\/div>\n\n\n\n<div class=\"wp-block-group is-vertical is-content-justification-center is-layout-flex wp-container-core-group-is-layout-4b2eccd6 wp-block-group-is-layout-flex\">\n<p class=\"has-background\" style=\"background-color:#fbfbfb;font-size:18px\"><strong>Les douze dates de 2026 de 19h \u00e0 21h30, \u00e0 Aywaille :<\/strong><\/p>\n\n\n\n<div class=\"wp-block-columns is-layout-flex wp-container-core-columns-is-layout-9d6595d7 wp-block-columns-is-layout-flex\">\n<div class=\"wp-block-column is-layout-flow wp-block-column-is-layout-flow\" style=\"flex-basis:100%\">\n<figure class=\"wp-block-table\"><table><tbody><tr><td>Mardi 06 janvier 2026<\/td><td>\u00c9nergie Capricorne<\/td><\/tr><tr><td>Mardi 3 f\u00e9vrier 2026<\/td><td>\u00c9nergie Verseau<\/td><\/tr><tr><td>Mardi 3 mars 2026<\/td><td>\u00c9nergie Poissons<\/td><\/tr><tr><td>Mardi 31 mars 2026<\/td><td>\u00c9nergie B\u00e9lier<\/td><\/tr><tr><td>Mardi 21 avril 2026<\/td><td>\u00c9nergie Taureau<\/td><\/tr><tr><td>Mardi 19 mai 2026<\/td><td>\u00c9nergie G\u00e9meaux<\/td><\/tr><tr><td>Mardi 23 juin 2026<\/td><td>\u00c9nergie Cancer<\/td><\/tr><tr><td>Mardi 21 juillet 2026<\/td><td>\u00c9nergie Lion<\/td><\/tr><tr><td>Mardi 18 o\u00fbt 2026<\/td><td>\u00c9nergie Vierge<\/td><\/tr><tr><td>Mardi 15 septembre 2026<\/td><td>\u00c9nergie Balance<\/td><\/tr><tr><td>Mardi 13 octobre 2026<\/td><td>\u00c9nergie Scorpion<\/td><\/tr><tr><td>Mardi 17 novembre 2026<\/td><td>\u00c9nergie Sagittaire<\/td><\/tr><\/tbody><\/table><\/figure>\n<\/div>\n<\/div>\n\n\n\n<p><\/p>\n<\/div>\n\n\n\n<p class=\"has-background\" style=\"background-color:#fbfbfb;font-size:18px\">Lieu \u00e0 Aywaille : <strong>32, rue Petit Plain &#8211; 4920 Aywaille<\/strong><\/p>\n\n\n\n<div style=\"height:0px\" aria-hidden=\"true\" class=\"wp-block-spacer wp-container-content-463bd4c8\"><\/div>\n\n\n\n<iframe src=\"https:\/\/www.google.com\/maps\/embed?pb=!1m18!1m12!1m3!1d2539.821240272289!2d5.724139912336124!3d50.46305338633756!2m3!1f0!2f0!3f0!3m2!1i1024!2i768!4f13.1!3m3!1m2!1s0x47c05e0ce70cf227%3A0x4cbb46bafff8fe38!2sRue%20Petit%20Plain%2032%2C%204920%20Aywaille!5e0!3m2!1sfr!2sbe!4v1696370571229!5m2!1sfr!2sbe\" width=\"100%\" height=\"250\" style=\"border:0;\" allowfullscreen=\"\" loading=\"lazy\" referrerpolicy=\"no-referrer-when-downgrade\"><\/iframe>\n\n\n\n<div style=\"height:20px\" aria-hidden=\"true\" class=\"wp-block-spacer wp-container-content-62aae154\"><\/div>\n\n\n\n<p class=\"has-text-align-center\" style=\"font-size:18px\">N\u2019h\u00e9sitez pas \u00e0 me contacter pour toute question :<\/p>\n\n\n\n<div style=\"height:0px\" aria-hidden=\"true\" class=\"wp-block-spacer wp-container-content-62aae154\"><\/div>\n\n\n\n<div class=\"wp-block-columns is-layout-flex wp-container-core-columns-is-layout-9d6595d7 wp-block-columns-is-layout-flex\">\n<div class=\"wp-block-column is-layout-flow wp-block-column-is-layout-flow\">\n<p class=\"has-text-align-center\" style=\"font-size:21px\"><strong>xavier_houben@hotmail.com<\/strong><\/p>\n<\/div>\n\n\n\n<div class=\"wp-block-column is-layout-flow wp-block-column-is-layout-flow\">\n<p class=\"has-text-align-center\" style=\"font-size:21px\"><strong>0032.494.630.272<\/strong><\/p>\n<\/div>\n<\/div>\n\n\n\n<p class=\"has-background\" style=\"background-color:#fbfbfb;font-size:18px\"><strong>Votre accompagnateur : Xavier<\/strong><\/p>\n<\/div>\n\n\n\n<div class=\"wp-block-group is-vertical is-content-justification-center is-layout-flex wp-container-core-group-is-layout-4b2eccd6 wp-block-group-is-layout-flex\">\n<div style=\"height:0px\" aria-hidden=\"true\" class=\"wp-block-spacer wp-container-content-728072c3\"><\/div>\n<\/div>\n\n\n\n<div style=\"height:20px\" aria-hidden=\"true\" class=\"wp-block-spacer\"><\/div>\n","protected":false},"excerpt":{"rendered":"<p>Les 12 travaux d\u2019Hercule \u00e0 la lumi\u00e8re des 12 \u00e9nergies astrologiques A travers des enseignements, des m\u00e9ditations guid\u00e9es et des \u00e9changes, nous explorons la fa\u00e7on dont les \u00e9nergies astrologiques influencent [&hellip;]<\/p>\n","protected":false},"author":1,"featured_media":0,"parent":25,"menu_order":2,"comment_status":"closed","ping_status":"closed","template":"","meta":{"footnotes":""},"class_list":["post-401","page","type-page","status-publish","hentry"],"_links":{"self":[{"href":"https:\/\/ishvara-conscience.com\/index.php\/wp-json\/wp\/v2\/pages\/401","targetHints":{"allow":["GET"]}}],"collection":[{"href":"https:\/\/ishvara-conscience.com\/index.php\/wp-json\/wp\/v2\/pages"}],"about":[{"href":"https:\/\/ishvara-conscience.com\/index.php\/wp-json\/wp\/v2\/types\/page"}],"author":[{"embeddable":true,"href":"https:\/\/ishvara-conscience.com\/index.php\/wp-json\/wp\/v2\/users\/1"}],"replies":[{"embeddable":true,"href":"https:\/\/ishvara-conscience.com\/index.php\/wp-json\/wp\/v2\/comments?post=401"}],"version-history":[{"count":16,"href":"https:\/\/ishvara-conscience.com\/index.php\/wp-json\/wp\/v2\/pages\/401\/revisions"}],"predecessor-version":[{"id":814,"href":"https:\/\/ishvara-conscience.com\/index.php\/wp-json\/wp\/v2\/pages\/401\/revisions\/814"}],"up":[{"embeddable":true,"href":"https:\/\/ishvara-conscience.com\/index.php\/wp-json\/wp\/v2\/pages\/25"}],"wp:attachment":[{"href":"https:\/\/ishvara-conscience.com\/index.php\/wp-json\/wp\/v2\/media?parent=401"}],"curies":[{"name":"wp","href":"https:\/\/api.w.org\/{rel}","templated":true}]}}