{"id":385,"date":"2023-12-14T21:22:22","date_gmt":"2023-12-14T20:22:22","guid":{"rendered":"https:\/\/ishvara-conscience.com\/?page_id=385"},"modified":"2025-12-18T22:48:21","modified_gmt":"2025-12-18T21:48:21","slug":"meharee-dans-le-desert","status":"publish","type":"page","link":"https:\/\/ishvara-conscience.com\/index.php\/retraites-semaines-a-letranger\/retraite-de-jeune-hydrique\/meharee-dans-le-desert\/","title":{"rendered":"M\u00e9har\u00e9e dans le d\u00e9sert"},"content":{"rendered":"\n<h3 class=\"wp-block-heading\" style=\"font-size:32px\"><strong>M\u00e9har\u00e9e dans le d\u00e9sert du Sahara:<\/strong><\/h3>\n\n\n\n<div style=\"height:40px\" aria-hidden=\"true\" class=\"wp-block-spacer\"><\/div>\n\n\n\n<blockquote class=\"wp-block-quote has-text-align-center is-layout-flow wp-block-quote-is-layout-flow\">\n<p class=\"has-text-align-right\"><strong>\u00ab <\/strong>Faire UN avec l&rsquo;essentiel<strong> \u00bb<\/strong><\/p>\n<\/blockquote>\n\n\n\n<div style=\"height:20px\" aria-hidden=\"true\" class=\"wp-block-spacer\"><\/div>\n\n\n\n<hr class=\"wp-block-separator has-text-color has-alpha-channel-opacity has-background is-style-wide\" style=\"background-color:#deba4d;color:#deba4d\"\/>\n\n\n\n<div style=\"height:20px\" aria-hidden=\"true\" class=\"wp-block-spacer\"><\/div>\n\n\n\n<h4 class=\"wp-block-heading\" style=\"font-size:21px\"><strong>Le sens de cette aventure<\/strong><\/h4>\n\n\n\n<div style=\"height:10px\" aria-hidden=\"true\" class=\"wp-block-spacer\"><\/div>\n\n\n\n<p style=\"font-size:18px\">Il s\u2019agit d\u2019une aventure \u00e0 vivre de soi \u00e0 soi, en lien avec l\u2019Autre, dans la vastitude et le vide plein du d\u00e9sert.<\/p>\n\n\n\n<p style=\"font-size:18px\">L\u2019invitation est d\u2019explorer toute la richesse de votre relation \u00e0 vous-m\u00eame, de votre relation avec l\u2019Autre.<\/p>\n\n\n\n<p style=\"font-size:18px\">D\u2019\u00eatre pr\u00e9sent \u00e0 ce qui se passe en vous et autour de vous, d\u2019\u00eatre l\u00e0 dans l\u2019instant.<\/p>\n\n\n\n<p style=\"font-size:18px\">D\u2019accueillir les autres, le groupe. De vous accueillir vous-m\u00eame, en vous impr\u00e9gnant de l\u2019\u00e9nergie puissante de l\u2019immensit\u00e9 du d\u00e9sert.<\/p>\n\n\n\n<div style=\"height:20px\" aria-hidden=\"true\" class=\"wp-block-spacer\"><\/div>\n\n\n\n<hr class=\"wp-block-separator has-text-color has-alpha-channel-opacity has-background is-style-wide\" style=\"background-color:#deba4d;color:#deba4d\"\/>\n\n\n\n<div style=\"height:20px\" aria-hidden=\"true\" class=\"wp-block-spacer\"><\/div>\n\n\n\n<h4 class=\"wp-block-heading\" style=\"font-size:21px\">Le processus<\/h4>\n\n\n\n<div style=\"height:10px\" aria-hidden=\"true\" class=\"wp-block-spacer\"><\/div>\n\n\n\n<p style=\"font-size:18px\">Le processus a \u00e9t\u00e9 cr\u00e9\u00e9 il y a maintenant dix-sept ans par mon oncle Pierre et ma maman, Anouchka, qui a accompagn\u00e9 des groupes durant plus de 20 ans. J&rsquo;honore ainsi le cadeau de transmission qu\u2019ils m\u2019ont fait, au service de l\u2019humanit\u00e9.<\/p>\n\n\n\n<p style=\"font-size:18px\">Le processus est extr\u00eamement simple&nbsp;: \u00e0 la fois, il met un cadre d\u2019amour, de bienveillance o\u00f9 chacun est accueilli dans son \u00e9tat et avec ce qu\u2019il vit, et \u00e0 la fois, il \u00e9pouse parfaitement la magie du d\u00e9sert dans ses propositions de silence, d\u2019\u00e9coute, de reliance et d\u2019int\u00e9riorit\u00e9.<\/p>\n\n\n\n<p style=\"font-size:18px\">Nous alternerons donc les moments de silence, de r\u00e9flexions, de partages, de marche, de d\u00e9tente avec des moments forts de cr\u00e9ativit\u00e9. Il y aura aussi des rencontres spontan\u00e9es avec les Berb\u00e8res et de beaux moments, le soir autour du feu, \u00e0 partager rires, chants et histoires !<\/p>\n\n\n\n<div style=\"height:20px\" aria-hidden=\"true\" class=\"wp-block-spacer\"><\/div>\n\n\n\n<hr class=\"wp-block-separator has-text-color has-alpha-channel-opacity has-background is-style-wide\" style=\"background-color:#deba4d;color:#deba4d\"\/>\n\n\n\n<div style=\"height:20px\" aria-hidden=\"true\" class=\"wp-block-spacer\"><\/div>\n\n\n\n<h4 class=\"wp-block-heading\" style=\"font-size:21px\"><strong>Le d\u00e9roulement et l&rsquo;esprit de la m\u00e9har\u00e9e<\/strong><\/h4>\n\n\n\n<div style=\"height:10px\" aria-hidden=\"true\" class=\"wp-block-spacer\"><\/div>\n\n\n\n<p style=\"font-size:18px\">Pour la logistique : nous aurons pour guides et cuisiniers des Berb\u00e8res et, \u00e0 notre disposition, des dromadaires de selle pour nous reposer de la marche.<strong><\/strong><\/p>\n\n\n\n<p style=\"font-size:18px\">Pour la d\u00e9marche : le travail sera individuel, bas\u00e9 sur le silence et le lien \u00e0 soi, et relationnel, bas\u00e9 sur de nombreux \u00e9changes en groupe, en bin\u00f4mes.<\/p>\n\n\n\n<p style=\"font-size:18px\">Les th\u00e8mes abord\u00e9s seront vari\u00e9s&nbsp;: on parlera de ce qui nous est essentiel et de ce qui nous en s\u00e9pare, d\u2019amour authentique, de puissance, de relations \u00e9panouies, de blessures, d\u2019apaisement, de projets&#8230; Le groupe sera utilis\u00e9 comme support, miroir et lieu d&rsquo;enrichissement.<br><br>Au programme&nbsp;: postures de yoga, marches, m\u00e9ditations, bilan int\u00e9rieur, travail de transformation int\u00e9rieure, constellations syst\u00e9miques, temps de silence, partages en groupe, moments de cr\u00e9ativit\u00e9 et de d\u00e9tente et autres rituels puissants.<\/p>\n\n\n\n<div style=\"height:20px\" aria-hidden=\"true\" class=\"wp-block-spacer\"><\/div>\n\n\n\n<hr class=\"wp-block-separator has-text-color has-alpha-channel-opacity has-background is-style-wide\" style=\"background-color:#deba4d;color:#deba4d\"\/>\n\n\n\n<div class=\"wp-block-group has-background is-vertical is-content-justification-stretch is-layout-flex wp-container-core-group-is-layout-b16ad781 wp-block-group-is-layout-flex\" style=\"background-color:#fbfbfb\">\n<h4 class=\"wp-block-heading has-text-align-center has-text-color has-background\" style=\"color:#ffffff;background-color:#692c85;font-size:24px\">Informations pratiques<\/h4>\n\n\n\n<div style=\"height:0px\" aria-hidden=\"true\" class=\"wp-block-spacer wp-container-content-728072c3\"><\/div>\n\n\n\n<div style=\"height:20px\" aria-hidden=\"true\" class=\"wp-block-spacer wp-container-content-62aae154\"><\/div>\n\n\n\n<p class=\"has-background\" style=\"background-color:#fbfbfb;font-size:18px\">Dates de l&rsquo;\u00e9v\u00e8nement : <strong>du dimanche 23 au samedi 29 novembre 2025<\/strong><\/p>\n\n\n\n<p class=\"has-background\" style=\"background-color:#fbfbfb;font-size:18px\"><strong>Prochaine m\u00e9har\u00e9e fin 2026 ou d\u00e9but 2027<\/strong> (les dates seront communiqu\u00e9es fin avril &#8211; d\u00e9but mai 2026).<\/p>\n\n\n\n<p class=\"has-background\" style=\"background-color:#fbfbfb;font-size:18px\">Lieu : <strong>D\u00e9sert marocain<\/strong><\/p>\n\n\n\n<iframe src=\"https:\/\/www.google.com\/maps\/embed?pb=!1m18!1m12!1m3!1d880897.7295528273!2d-6.873268067178391!3d29.692470308569636!2m3!1f0!2f0!3f0!3m2!1i1024!2i768!4f13.1!3m3!1m2!1s0xdbeafd94b7436e9%3A0x95b081e31a44505d!2sDunes%20d&#39;Erg%20Cheggaga!5e0!3m2!1sfr!2sbe!4v1705008906977!5m2!1sfr!2sbe\" width=\"100%\" height=\"250\" style=\"border:0;\" allowfullscreen=\"\" loading=\"lazy\" referrerpolicy=\"no-referrer-when-downgrade\"><\/iframe>\n\n\n\n<p class=\"has-text-align-center\" style=\"font-size:18px\">N\u2019h\u00e9sitez pas \u00e0 me contacter pour toute question :<\/p>\n\n\n\n<div style=\"height:20px\" aria-hidden=\"true\" class=\"wp-block-spacer wp-container-content-62aae154\"><\/div>\n\n\n\n<div class=\"wp-block-columns is-layout-flex wp-container-core-columns-is-layout-9d6595d7 wp-block-columns-is-layout-flex\">\n<div class=\"wp-block-column is-layout-flow wp-block-column-is-layout-flow\">\n<p class=\"has-text-align-center\" style=\"font-size:21px\"><strong>yulara.delsemme@gmail.com<\/strong><\/p>\n<\/div>\n\n\n\n<div class=\"wp-block-column is-layout-flow wp-block-column-is-layout-flow\">\n<p class=\"has-text-align-center\" style=\"font-size:21px\"><strong>0032.479.287.505<\/strong><\/p>\n<\/div>\n<\/div>\n\n\n\n<p class=\"has-background\" style=\"background-color:#fbfbfb;font-size:18px\">Prix : <strong>1420\u20ac htva +21% TVA<\/strong> par personne <\/p>\n\n\n\n<p class=\"has-background\" style=\"background-color:#fbfbfb;font-size:18px\">Prix : <strong>2650\u20ac htva<\/strong> <strong>+21% TVA<\/strong> par bin\u00f4me ( couple ou Parent\/Enfant )<\/p>\n\n\n\n<div class=\"wp-block-group is-vertical is-content-justification-center is-layout-flex wp-container-core-group-is-layout-4b2eccd6 wp-block-group-is-layout-flex\">\n<p class=\"has-text-align-center has-background\" style=\"background-color:#fbfbfb;font-size:18px\"><em>Ce prix ne comprend pas votre billet d&rsquo;avion<\/em><\/p>\n\n\n\n<p class=\"has-text-align-center\" style=\"font-size:16px;font-style:normal;font-weight:200\"><em>Les inscriptions se font d\u00e9s r\u00e9ception de votre lettre de d\u00e9charge.<\/em><\/p>\n\n\n\n<p class=\"has-text-align-center\" style=\"font-size:16px;font-style:normal;font-weight:200\"><em>Vous serez invit\u00e9 \u00e0 verser un acompte de 847 \u20ac (\u00e0 savoir, 700 \u20ac + 21% de tva) par personne<\/em>.<\/p>\n\n\n\n<figure class=\"wp-block-table is-style-regular\"><table class=\"has-background\" style=\"background-color:#fbfbfb\"><tbody><tr><td><strong>Nom<\/strong><\/td><td><strong>N\u00b0 de compte bancaire<\/strong><\/td><td><strong>Communication<\/strong><\/td><\/tr><tr><td>Yulara Delsemme<\/td><td>BE57 1030 6708 1935<\/td><td>Acompte pour la m\u00e9har\u00e9e novembre 2025 &#8211; NOM Pr\u00e9nom<\/td><\/tr><\/tbody><\/table><\/figure>\n<\/div>\n\n\n\n<p class=\"has-background\" style=\"background-color:#fbfbfb;font-size:18px\"><strong>Votre accompagnatrice : Yulara<\/strong><\/p>\n<\/div>\n\n\n\n<p><\/p>\n\n\n\n<div style=\"height:100px\" aria-hidden=\"true\" class=\"wp-block-spacer\"><\/div>\n","protected":false},"excerpt":{"rendered":"<p>M\u00e9har\u00e9e dans le d\u00e9sert du Sahara: \u00ab Faire UN avec l&rsquo;essentiel \u00bb Le sens de cette aventure Il s\u2019agit d\u2019une aventure \u00e0 vivre de soi \u00e0 soi, en lien avec [&hellip;]<\/p>\n","protected":false},"author":1,"featured_media":0,"parent":381,"menu_order":3,"comment_status":"closed","ping_status":"closed","template":"","meta":{"footnotes":""},"class_list":["post-385","page","type-page","status-publish","hentry"],"_links":{"self":[{"href":"https:\/\/ishvara-conscience.com\/index.php\/wp-json\/wp\/v2\/pages\/385","targetHints":{"allow":["GET"]}}],"collection":[{"href":"https:\/\/ishvara-conscience.com\/index.php\/wp-json\/wp\/v2\/pages"}],"about":[{"href":"https:\/\/ishvara-conscience.com\/index.php\/wp-json\/wp\/v2\/types\/page"}],"author":[{"embeddable":true,"href":"https:\/\/ishvara-conscience.com\/index.php\/wp-json\/wp\/v2\/users\/1"}],"replies":[{"embeddable":true,"href":"https:\/\/ishvara-conscience.com\/index.php\/wp-json\/wp\/v2\/comments?post=385"}],"version-history":[{"count":32,"href":"https:\/\/ishvara-conscience.com\/index.php\/wp-json\/wp\/v2\/pages\/385\/revisions"}],"predecessor-version":[{"id":819,"href":"https:\/\/ishvara-conscience.com\/index.php\/wp-json\/wp\/v2\/pages\/385\/revisions\/819"}],"up":[{"embeddable":true,"href":"https:\/\/ishvara-conscience.com\/index.php\/wp-json\/wp\/v2\/pages\/381"}],"wp:attachment":[{"href":"https:\/\/ishvara-conscience.com\/index.php\/wp-json\/wp\/v2\/media?parent=385"}],"curies":[{"name":"wp","href":"https:\/\/api.w.org\/{rel}","templated":true}]}}