{"id":383,"date":"2023-12-14T21:21:20","date_gmt":"2023-12-14T20:21:20","guid":{"rendered":"https:\/\/ishvara-conscience.com\/?page_id=383"},"modified":"2025-12-18T22:46:42","modified_gmt":"2025-12-18T21:46:42","slug":"nager-avec-les-dauphins","status":"publish","type":"page","link":"https:\/\/ishvara-conscience.com\/index.php\/retraites-semaines-a-letranger\/retraite-de-jeune-hydrique\/nager-avec-les-dauphins\/","title":{"rendered":"Nager avec les dauphins"},"content":{"rendered":"\n<h3 class=\"wp-block-heading\" style=\"font-size:32px\"><strong>Nager avec les dauphins, dans la baie de Sataya en Egypte<\/strong><\/h3>\n\n\n\n<div style=\"height:40px\" aria-hidden=\"true\" class=\"wp-block-spacer\"><\/div>\n\n\n\n<h4 class=\"wp-block-heading\" style=\"font-size:21px\"><strong>Rencontre subtile avec les dauphins<\/strong><\/h4>\n\n\n\n<div style=\"height:10px\" aria-hidden=\"true\" class=\"wp-block-spacer\"><\/div>\n\n\n\n<p style=\"font-size:18px\">Il s\u2019agit de passer sept nuit\u00e9es sur un bateau pour nager avec les dauphins dans la baie de Sataya, en Egypte.<\/p>\n\n\n\n<p style=\"font-size:18px\">Nous allons \u00e0 la rencontre de ces \u00eatres mill\u00e9naires d\u2019une sensibilit\u00e9 extr\u00eame et d\u2019une joie de vivre \u00e9ternelle.<\/p>\n\n\n\n<p style=\"font-size:18px\">Les <strong>dauphins<\/strong> nous accueillent chez eux, en toute simplicit\u00e9 et sagesse. Ils nagent bien \u00e9videmment <strong>en pleine libert\u00e9 dans leur habitat naturel.<\/strong><\/p>\n\n\n\n<p style=\"font-size:18px\">Et c\u2019est dans la baie de Sataya, en Mer Rouge d\u2019Egypte, qu\u2019ils ont \u00e9lu domicile, gr\u00e2ce \u00e0 la protection que ce <strong>lieu magique<\/strong> leur offre (les r\u00e9cifs de coraux et la basse profondeur). C\u2019est donc en ce lieu <strong>hautement vibratoire<\/strong> que notre bateau s\u2019ancrera durant une semaine, afin de nous laisser go\u00fbter \u00e0 la joie de rencontrer et de nager avec les dauphins.<\/p>\n\n\n\n<div style=\"height:20px\" aria-hidden=\"true\" class=\"wp-block-spacer\"><\/div>\n\n\n\n<hr class=\"wp-block-separator has-text-color has-alpha-channel-opacity has-background is-style-wide\" style=\"background-color:#deba4d;color:#deba4d\"\/>\n\n\n\n<div style=\"height:20px\" aria-hidden=\"true\" class=\"wp-block-spacer\"><\/div>\n\n\n\n<h4 class=\"wp-block-heading\" style=\"font-size:21px\"><strong>Sens de cette aventure<\/strong><\/h4>\n\n\n\n<div style=\"height:10px\" aria-hidden=\"true\" class=\"wp-block-spacer\"><\/div>\n\n\n\n<p style=\"font-size:18px\">En plus de cette r<strong>encontre subtile et exceptionnelle avec les dauphins<\/strong>, l\u2019invitation est \u00e9galement d\u2019\u00eatre pleinement pr\u00e9sent \u00e0 notre essence, de retrouver notre int\u00e9riorit\u00e9, notre Soi profond, et de laisser de c\u00f4t\u00e9 notre \u00e9go, nos tracas, ainsi que nos automatismes de pens\u00e9es et de r\u00e9actions.<br><br>La proposition de cette semaine est donc une <strong>connexion de soi \u00e0 soi, joyeuse et profonde.<\/strong><\/p>\n\n\n\n<p style=\"font-size:18px\"><strong>L\u2019invitation est de vivre cette aventure en lien avec l\u2019Autre, avec les dauphins et l\u2019environnement marin de la Mer Rouge.<\/strong><\/p>\n\n\n\n<div style=\"height:20px\" aria-hidden=\"true\" class=\"wp-block-spacer\"><\/div>\n\n\n\n<hr class=\"wp-block-separator has-text-color has-alpha-channel-opacity has-background is-style-wide\" style=\"background-color:#deba4d;color:#deba4d\"\/>\n\n\n\n<div style=\"height:20px\" aria-hidden=\"true\" class=\"wp-block-spacer\"><\/div>\n\n\n\n<h4 class=\"wp-block-heading\" style=\"font-size:21px\"><strong>Activit\u00e9s de reliance<\/strong><\/h4>\n\n\n\n<div style=\"height:10px\" aria-hidden=\"true\" class=\"wp-block-spacer\"><\/div>\n\n\n\n<p style=\"font-size:18px\">En plus des activit\u00e9s de snorkeling et de rencontre avec les dauphins organis\u00e9es dans la mer, des activit\u00e9s de reliance d\u2019une \u00e0 deux heure(s) par jour seront propos\u00e9es.<\/p>\n\n\n\n<p style=\"font-size:18px\">Je mettrai mes comp\u00e9tences au service du groupe : postures de yoga, m\u00e9ditations, constellations syst\u00e9miques, ateliers de reliance et de transformation int\u00e9rieure, apaisement de nos relations\u2026<\/p>\n\n\n\n<div style=\"height:20px\" aria-hidden=\"true\" class=\"wp-block-spacer\"><\/div>\n\n\n\n<hr class=\"wp-block-separator has-text-color has-alpha-channel-opacity has-background is-style-wide\" style=\"background-color:#deba4d;color:#deba4d\"\/>\n\n\n\n<div style=\"height:20px\" aria-hidden=\"true\" class=\"wp-block-spacer\"><\/div>\n\n\n\n<div class=\"wp-block-group has-background is-vertical is-content-justification-stretch is-layout-flex wp-container-core-group-is-layout-b16ad781 wp-block-group-is-layout-flex\" style=\"background-color:#fbfbfb\">\n<h4 class=\"wp-block-heading has-text-align-center has-text-color has-background\" style=\"color:#ffffff;background-color:#692c85;font-size:24px\">Informations pratiques<\/h4>\n\n\n\n<div style=\"height:0px\" aria-hidden=\"true\" class=\"wp-block-spacer wp-container-content-728072c3\"><\/div>\n\n\n\n<div style=\"height:20px\" aria-hidden=\"true\" class=\"wp-block-spacer wp-container-content-62aae154\"><\/div>\n\n\n\n<p class=\"has-background\" style=\"background-color:#fbfbfb;font-size:18px\">Dates de l&rsquo;\u00e9v\u00e8nement : <strong>du dimanche 29 mars au dimanche 05 avril 2026<\/strong><\/p>\n\n\n\n<p class=\"has-background\" style=\"background-color:#fbfbfb;font-size:18px\">Lieu : <strong>Sataya Egypte<\/strong><\/p>\n\n\n\n<iframe src=\"https:\/\/www.google.com\/maps\/embed?pb=!1m18!1m12!1m3!1d20166.283292625096!2d4.388161599999999!3d50.8166144!2m3!1f0!2f0!3f0!3m2!1i1024!2i768!4f13.1!3m3!1m2!1s0x15b5eee2b91c75ef%3A0xf34615a957bc1857!2sSataya%20Reef%20(Dolphin%20House)!5e0!3m2!1sfr!2sbe!4v1708723978781!5m2!1sfr!2sbe\" width=\"100%\" height=\"250\" style=\"border:0;\" allowfullscreen=\"\" loading=\"lazy\" referrerpolicy=\"no-referrer-when-downgrade\"><\/iframe>\n\n\n\n<p class=\"has-text-align-center\" style=\"font-size:18px\">N\u2019h\u00e9sitez pas \u00e0 me contacter pour toute question :<\/p>\n\n\n\n<div style=\"height:20px\" aria-hidden=\"true\" class=\"wp-block-spacer wp-container-content-62aae154\"><\/div>\n\n\n\n<div class=\"wp-block-columns is-layout-flex wp-container-core-columns-is-layout-9d6595d7 wp-block-columns-is-layout-flex\">\n<div class=\"wp-block-column is-layout-flow wp-block-column-is-layout-flow\">\n<p class=\"has-text-align-center\" style=\"font-size:21px\"><strong>yulara.delsemme@gmail.com<\/strong><\/p>\n<\/div>\n\n\n\n<div class=\"wp-block-column is-layout-flow wp-block-column-is-layout-flow\">\n<p class=\"has-text-align-center\" style=\"font-size:21px\"><strong>0032.479.287.505<\/strong><\/p>\n<\/div>\n<\/div>\n\n\n\n<p class=\"has-background\" style=\"background-color:#fbfbfb;font-size:18px\">Prix : <strong>1.420\u20ac htva +21% TVA<\/strong> par personne<\/p>\n\n\n\n<div class=\"wp-block-group is-vertical is-content-justification-center is-layout-flex wp-container-core-group-is-layout-4b2eccd6 wp-block-group-is-layout-flex\">\n<p class=\"has-text-align-center has-background\" style=\"background-color:#fbfbfb;font-size:18px\"><em>Ce prix ne comprend pas votre billet d&rsquo;avion<\/em><\/p>\n\n\n\n<p class=\"has-text-align-center\" style=\"font-size:16px;font-style:normal;font-weight:200\"><em>Les inscriptions se font d\u00e9s r\u00e9ception de votre lettre de d\u00e9charge.<\/em><\/p>\n\n\n\n<p class=\"has-text-align-center\" style=\"font-size:16px;font-style:normal;font-weight:200\"><em>Vous serez invit\u00e9 \u00e0 verser un acompte de <strong>847 \u20ac<\/strong> (\u00e0 savoir, 700 \u20ac + 21% de tva) par personne<\/em>.<\/p>\n\n\n\n<figure class=\"wp-block-table is-style-regular\"><table class=\"has-background\" style=\"background-color:#fbfbfb\"><tbody><tr><td><strong>Nom<\/strong><\/td><td><strong>N\u00b0 de compte bancaire<\/strong><\/td><td><strong>Communication<\/strong><\/td><\/tr><tr><td>Yulara Delsemme<\/td><td>BE57 1030 6708 1935<\/td><td>Acompte pour Sataya avril 2026 &#8211; NOM Pr\u00e9nom<\/td><\/tr><\/tbody><\/table><\/figure>\n<\/div>\n\n\n\n<p class=\"has-background\" style=\"background-color:#fbfbfb;font-size:18px\"><strong>Votre accompagnatrice : Yulara<\/strong><\/p>\n<\/div>\n\n\n\n<div style=\"height:100px\" aria-hidden=\"true\" class=\"wp-block-spacer\"><\/div>\n","protected":false},"excerpt":{"rendered":"<p>Nager avec les dauphins, dans la baie de Sataya en Egypte Rencontre subtile avec les dauphins Il s\u2019agit de passer sept nuit\u00e9es sur un bateau pour nager avec les dauphins [&hellip;]<\/p>\n","protected":false},"author":1,"featured_media":0,"parent":381,"menu_order":2,"comment_status":"closed","ping_status":"closed","template":"","meta":{"footnotes":""},"class_list":["post-383","page","type-page","status-publish","hentry"],"_links":{"self":[{"href":"https:\/\/ishvara-conscience.com\/index.php\/wp-json\/wp\/v2\/pages\/383","targetHints":{"allow":["GET"]}}],"collection":[{"href":"https:\/\/ishvara-conscience.com\/index.php\/wp-json\/wp\/v2\/pages"}],"about":[{"href":"https:\/\/ishvara-conscience.com\/index.php\/wp-json\/wp\/v2\/types\/page"}],"author":[{"embeddable":true,"href":"https:\/\/ishvara-conscience.com\/index.php\/wp-json\/wp\/v2\/users\/1"}],"replies":[{"embeddable":true,"href":"https:\/\/ishvara-conscience.com\/index.php\/wp-json\/wp\/v2\/comments?post=383"}],"version-history":[{"count":12,"href":"https:\/\/ishvara-conscience.com\/index.php\/wp-json\/wp\/v2\/pages\/383\/revisions"}],"predecessor-version":[{"id":818,"href":"https:\/\/ishvara-conscience.com\/index.php\/wp-json\/wp\/v2\/pages\/383\/revisions\/818"}],"up":[{"embeddable":true,"href":"https:\/\/ishvara-conscience.com\/index.php\/wp-json\/wp\/v2\/pages\/381"}],"wp:attachment":[{"href":"https:\/\/ishvara-conscience.com\/index.php\/wp-json\/wp\/v2\/media?parent=383"}],"curies":[{"name":"wp","href":"https:\/\/api.w.org\/{rel}","templated":true}]}}