{"id":381,"date":"2023-12-14T21:20:54","date_gmt":"2023-12-14T20:20:54","guid":{"rendered":"https:\/\/ishvara-conscience.com\/?page_id=381"},"modified":"2024-08-29T23:38:31","modified_gmt":"2024-08-29T21:38:31","slug":"retraite-de-jeune-hydrique","status":"publish","type":"page","link":"https:\/\/ishvara-conscience.com\/index.php\/retraites-semaines-a-letranger\/retraite-de-jeune-hydrique\/","title":{"rendered":"Retraite de je\u00fbne hydrique"},"content":{"rendered":"\n<h3 class=\"wp-block-heading\" style=\"font-size:32px\"><strong>Retraite de je\u00fbne hydrique<\/strong><\/h3>\n\n\n\n<div style=\"height:40px\" aria-hidden=\"true\" class=\"wp-block-spacer\"><\/div>\n\n\n\n<hr class=\"wp-block-separator has-text-color has-alpha-channel-opacity has-background is-style-wide\" style=\"background-color:#deba4d;color:#deba4d\"\/>\n\n\n\n<div style=\"height:20px\" aria-hidden=\"true\" class=\"wp-block-spacer\"><\/div>\n\n\n\n<h4 class=\"wp-block-heading\" style=\"font-size:21px\"><strong>La proposition<\/strong><\/h4>\n\n\n\n<div style=\"height:10px\" aria-hidden=\"true\" class=\"wp-block-spacer\"><\/div>\n\n\n\n<p style=\"font-size:18px\">Nous vous proposons une retraite de je\u00fbne hydrique d\u2019une semaine&nbsp;: du samedi 20 avril, \u00e0 midi, au samedi 27 avril 2024, \u00e0 midi, dans notre magnifique yurtagone situ\u00e9e dans un environnement au c\u0153ur de la vall\u00e9e de l\u2019Ambl\u00e8ve, \u00e0 proximit\u00e9 de la for\u00eat et de la rivi\u00e8re. L\u2019invitation&nbsp;est d\u2019aller \u00e0 la rencontre de notre essence, au moyen d\u2019une purification holistique sur les plans physique, \u00e9motionnel, mental et spirituel. Au niveau physique : assainissement du corps, \u00e9limination de vos toxines, reset de vos mitochondries, augmentation de vos d\u00e9fenses immunitaires\u2026 Au niveau de vos syst\u00e8mes \u00e9motionnel&nbsp;et mental&nbsp;: all\u00e8gement global de vos croyances et pens\u00e9es limitantes, clart\u00e9 et limpidit\u00e9 dans votre mani\u00e8re de penser, mises en lumi\u00e8re sur votre vie et sur des situations v\u00e9cues\u2026 Au niveau spirituel&nbsp;: depuis la nuit des temps, dans de nombreuses philosophies et religions, le je\u00fbne est consid\u00e9r\u00e9 comme un moyen de renouer profond\u00e9ment avec votre propre spiritualit\u00e9. Moments de silence et de reliance avec notre essence.<\/p>\n\n\n\n<div style=\"height:20px\" aria-hidden=\"true\" class=\"wp-block-spacer\"><\/div>\n\n\n\n<hr class=\"wp-block-separator has-text-color has-alpha-channel-opacity has-background is-style-wide\" style=\"background-color:#deba4d;color:#deba4d\"\/>\n\n\n\n<div style=\"height:20px\" aria-hidden=\"true\" class=\"wp-block-spacer\"><\/div>\n\n\n\n<h4 class=\"wp-block-heading\" style=\"font-size:21px\"><strong>Le je\u00fbne hydrique<\/strong><\/h4>\n\n\n\n<div style=\"height:10px\" aria-hidden=\"true\" class=\"wp-block-spacer\"><\/div>\n\n\n\n<p style=\"font-size:18px\">Il existe plusieurs fa\u00e7ons de se pr\u00e9parer au je\u00fbne. Nous vous proposons une m\u00e9thode qui repose sur 5 \u00e9tapes&nbsp;: la pr\u00e9paration mentale, la descente alimentaire, la purge, le je\u00fbne et la remont\u00e9e alimentaire. Un protocole de descente et de reprise alimentaire vous sera envoy\u00e9, d\u00e8s votre inscription. Durant les 7 jours de la retraite, vous boirez de l\u2019eau abondamment afin de garder votre organisme bien hydrat\u00e9. Cela permettra \u00e0 celui-ci de sortir les toxines qu\u2019il a emmagasin\u00e9es et diminuera la sensation de faim. Un m\u00e9decin ouvrira des consultations 5 jours sur 7 pour vous accompagner m\u00e9dicalement et encadrera la semaine de je\u00fbne avec nous.<\/p>\n\n\n\n<div style=\"height:20px\" aria-hidden=\"true\" class=\"wp-block-spacer\"><\/div>\n\n\n\n<hr class=\"wp-block-separator has-text-color has-alpha-channel-opacity has-background is-style-wide\" style=\"background-color:#deba4d;color:#deba4d\"\/>\n\n\n\n<div style=\"height:20px\" aria-hidden=\"true\" class=\"wp-block-spacer\"><\/div>\n\n\n\n<h4 class=\"wp-block-heading\" style=\"font-size:21px\"><strong>Les 4 axes de la retraite<\/strong><\/h4>\n\n\n\n<div style=\"height:10px\" aria-hidden=\"true\" class=\"wp-block-spacer\"><\/div>\n\n\n\n<p style=\"font-size:18px\">Les ateliers propos\u00e9s durant la retraite s\u2019orienteront autour des 4 axes suivants&nbsp;:<\/p>\n\n\n\n<p style=\"font-size:18px\">1) la nature&nbsp;: marches diurnes et nocturnes en for\u00eat et bains de for\u00eat, en silence, en connexion<\/p>\n\n\n\n<p style=\"font-size:18px\">avec notre espace int\u00e9rieur et avec tous les \u00e9l\u00e9ments du vivant<\/p>\n\n\n\n<p style=\"font-size:18px\">2) les m\u00e9ditations&nbsp;: m\u00e9ditations de reliance \u00e0 notre essentialit\u00e9<\/p>\n\n\n\n<p style=\"font-size:18px\">3) la cr\u00e9ativit\u00e9&nbsp;: rencontre avec nous-m\u00eames \u00e0 travers diff\u00e9rentes activit\u00e9s artistiques<\/p>\n\n\n\n<p style=\"font-size:18px\">4) l\u2019\u00e9nerg\u00e9tique&nbsp;: circulation fluide de notre \u00e9nergie vitale et voyage int\u00e9rieur par la gr\u00e2ce du<br>mouvement et des sons<\/p>\n\n\n\n<div style=\"height:20px\" aria-hidden=\"true\" class=\"wp-block-spacer\"><\/div>\n\n\n\n<hr class=\"wp-block-separator has-text-color has-alpha-channel-opacity has-background is-style-wide\" style=\"background-color:#deba4d;color:#deba4d\"\/>\n\n\n\n<div style=\"height:20px\" aria-hidden=\"true\" class=\"wp-block-spacer\"><\/div>\n\n\n\n<h4 class=\"wp-block-heading\" style=\"font-size:21px\"><strong>Nos rendez-vous quotidiens<\/strong><\/h4>\n\n\n\n<div style=\"height:10px\" aria-hidden=\"true\" class=\"wp-block-spacer\"><\/div>\n\n\n\n<p style=\"font-size:18px\">Chaque jour, 3 rendez-vous vous seront propos\u00e9s&nbsp;:<\/p>\n\n\n\n<ul class=\"wp-block-list\">\n<li style=\"font-size:18px\">de 9h \u00e0 11h30&nbsp;: cours de yoga et m\u00e9ditation&nbsp;;<\/li>\n\n\n\n<li style=\"font-size:18px\">de 14h \u00e0 16h30&nbsp;: m\u00e9ditation, cercle philosophique et un atelier cr\u00e9atif, \u00e9nerg\u00e9tique ou une<br>randonn\u00e9e&nbsp;;<\/li>\n\n\n\n<li style=\"font-size:18px\">de 19h \u00e0 21h30&nbsp;: m\u00e9ditation et un voyage sonore ou un bain de for\u00eat ou un autre atelier.<\/li>\n\n\n\n<li style=\"font-size:18px\">Vous resterez toujours libres de participer ou non aux activit\u00e9s.<\/li>\n\n\n\n<li style=\"font-size:18px\">Vous b\u00e9n\u00e9ficierez de temps libre pour vous retrouver avec vous-m\u00eames.<\/li>\n<\/ul>\n\n\n\n<div style=\"height:20px\" aria-hidden=\"true\" class=\"wp-block-spacer\"><\/div>\n\n\n\n<hr class=\"wp-block-separator has-text-color has-alpha-channel-opacity has-background is-style-wide\" style=\"background-color:#deba4d;color:#deba4d\"\/>\n\n\n\n<div style=\"height:20px\" aria-hidden=\"true\" class=\"wp-block-spacer\"><\/div>\n\n\n\n<h4 class=\"wp-block-heading\" style=\"font-size:21px\"><strong>Deux jours en silence<\/strong><\/h4>\n\n\n\n<div style=\"height:10px\" aria-hidden=\"true\" class=\"wp-block-spacer\"><\/div>\n\n\n\n<p style=\"font-size:18px\">Nous proposerons deux jours en silence en fin de semaine afin de rejoindre davantage l\u2019essentiel en nous. L\u2019invitation est d\u2019approfondir notre relation \u00e0 nous-m\u00eames et au monde par un travail int\u00e9rieur.<\/p>\n\n\n\n<div style=\"height:20px\" aria-hidden=\"true\" class=\"wp-block-spacer\"><\/div>\n\n\n\n<hr class=\"wp-block-separator has-text-color has-alpha-channel-opacity has-background is-style-wide\" style=\"background-color:#deba4d;color:#deba4d\"\/>\n\n\n\n<div style=\"height:20px\" aria-hidden=\"true\" class=\"wp-block-spacer\"><\/div>\n\n\n\n<div class=\"wp-block-group has-background is-vertical is-content-justification-stretch is-layout-flex wp-container-core-group-is-layout-b16ad781 wp-block-group-is-layout-flex\" style=\"background-color:#fbfbfb\">\n<h4 class=\"wp-block-heading has-text-align-center has-text-color has-background\" style=\"color:#ffffff;background-color:#692c85;font-size:24px\">Informations pratiques<\/h4>\n\n\n\n<div style=\"height:0px\" aria-hidden=\"true\" class=\"wp-block-spacer wp-container-content-728072c3\"><\/div>\n\n\n\n<div style=\"height:20px\" aria-hidden=\"true\" class=\"wp-block-spacer wp-container-content-62aae154\"><\/div>\n\n\n\n<p class=\"has-background\" style=\"background-color:#fbfbfb;font-size:18px\">Dates de l&rsquo;\u00e9v\u00e8nement : prochaine semaine en 2026 (dates \u00e0 d\u00e9finir) <\/p>\n\n\n\n<p class=\"has-background\" style=\"background-color:#fbfbfb;font-size:18px\">Lieu : <strong>32, rue Petit Plain &#8211; 4920 Aywaille<\/strong><\/p>\n\n\n\n<iframe src=\"https:\/\/www.google.com\/maps\/embed?pb=!1m18!1m12!1m3!1d2539.821240272289!2d5.724139912336124!3d50.46305338633756!2m3!1f0!2f0!3f0!3m2!1i1024!2i768!4f13.1!3m3!1m2!1s0x47c05e0ce70cf227%3A0x4cbb46bafff8fe38!2sRue%20Petit%20Plain%2032%2C%204920%20Aywaille!5e0!3m2!1sfr!2sbe!4v1696370571229!5m2!1sfr!2sbe\" width=\"100%\" height=\"250\" style=\"border:0;\" allowfullscreen=\"\" loading=\"lazy\" referrerpolicy=\"no-referrer-when-downgrade\"><\/iframe>\n\n\n\n<p class=\"has-text-align-center\" style=\"font-size:18px\">N\u2019h\u00e9sitez pas \u00e0 me contacter pour toute question :<\/p>\n\n\n\n<div style=\"height:20px\" aria-hidden=\"true\" class=\"wp-block-spacer wp-container-content-62aae154\"><\/div>\n\n\n\n<div class=\"wp-block-columns is-layout-flex wp-container-core-columns-is-layout-9d6595d7 wp-block-columns-is-layout-flex\">\n<div class=\"wp-block-column is-layout-flow wp-block-column-is-layout-flow\">\n<p class=\"has-text-align-center\" style=\"font-size:21px\"><strong>yulara.delsemme@gmail.com<\/strong><\/p>\n<\/div>\n\n\n\n<div class=\"wp-block-column is-layout-flow wp-block-column-is-layout-flow\">\n<p class=\"has-text-align-center\" style=\"font-size:21px\"><strong>0032.479.287.505<\/strong><\/p>\n<\/div>\n<\/div>\n\n\n\n<p class=\"has-background\" style=\"background-color:#fbfbfb;font-size:18px\">Prix : <strong>700\u20ac htva +21% TVA<\/strong> par personne <\/p>\n\n\n\n<div class=\"wp-block-group is-vertical is-content-justification-center is-layout-flex wp-container-core-group-is-layout-4b2eccd6 wp-block-group-is-layout-flex\">\n<p class=\"has-text-align-center\" style=\"font-size:16px;font-style:normal;font-weight:200\"><em>Les inscriptions se font d\u00e9s r\u00e9ception de votre lettre de d\u00e9charge.<\/em><\/p>\n\n\n\n<p class=\"has-text-align-center\" style=\"font-size:16px;font-style:normal;font-weight:200\"><em>Vous serez invit\u00e9 \u00e0 verser un acompte de <strong>181,50 \u20ac<\/strong> (\u00e0 savoir, 150 \u20ac + 21% de tva) par personne<\/em>.<\/p>\n\n\n\n<figure class=\"wp-block-table is-style-regular\"><table class=\"has-background\" style=\"background-color:#fbfbfb\"><tbody><tr><td><strong>Nom<\/strong><\/td><td><strong>N\u00b0 de compte bancaire<\/strong><\/td><td><strong>Communication<\/strong><\/td><\/tr><tr><td>Yulara Delsemme<\/td><td>BE57 1030 6708 1935<\/td><td>Acompte pour jeune avril 2024 &#8211; NOM Pr\u00e9nom<\/td><\/tr><\/tbody><\/table><\/figure>\n<\/div>\n\n\n\n<p class=\"has-background\" style=\"background-color:#fbfbfb;font-size:18px\"><strong>Votre accompagnatrice : <\/strong><\/p>\n\n\n\n<div class=\"wp-block-columns is-layout-flex wp-container-core-columns-is-layout-9d6595d7 wp-block-columns-is-layout-flex\">\n<div class=\"wp-block-column is-layout-flow wp-block-column-is-layout-flow\">\n<p class=\"has-text-align-center\" style=\"font-size:21px\"><strong>Yulara<\/strong><\/p>\n\n\n\n<p class=\"has-text-align-center\" style=\"font-size:12px\">Professeure de yoga, \u00e9nerg\u00e9ticienne,<br>constellatrice syst\u00e9mique <br>et accompagnatrice de transformation int\u00e9rieure.<\/p>\n<\/div>\n\n\n\n<div class=\"wp-block-column is-layout-flow wp-block-column-is-layout-flow\">\n<p class=\"has-text-align-center\" style=\"font-size:21px\"><strong>Catherine<\/strong><\/p>\n\n\n\n<p class=\"has-text-align-center\" style=\"font-size:12px\">Musicienne,<br>didacticienne<br>et sonopraticienne certifi\u00e9e<br>et agr\u00e9\u00e9e Peter Hess<\/p>\n<\/div>\n<\/div>\n\n\n\n<div style=\"height:0px\" aria-hidden=\"true\" class=\"wp-block-spacer wp-container-content-62aae154\"><\/div>\n<\/div>\n\n\n\n<div style=\"height:100px\" aria-hidden=\"true\" class=\"wp-block-spacer\"><\/div>\n","protected":false},"excerpt":{"rendered":"<p>Retraite de je\u00fbne hydrique La proposition Nous vous proposons une retraite de je\u00fbne hydrique d\u2019une semaine&nbsp;: du samedi 20 avril, \u00e0 midi, au samedi 27 avril 2024, \u00e0 midi, dans [&hellip;]<\/p>\n","protected":false},"author":1,"featured_media":0,"parent":27,"menu_order":2,"comment_status":"closed","ping_status":"closed","template":"","meta":{"footnotes":""},"class_list":["post-381","page","type-page","status-publish","hentry"],"_links":{"self":[{"href":"https:\/\/ishvara-conscience.com\/index.php\/wp-json\/wp\/v2\/pages\/381","targetHints":{"allow":["GET"]}}],"collection":[{"href":"https:\/\/ishvara-conscience.com\/index.php\/wp-json\/wp\/v2\/pages"}],"about":[{"href":"https:\/\/ishvara-conscience.com\/index.php\/wp-json\/wp\/v2\/types\/page"}],"author":[{"embeddable":true,"href":"https:\/\/ishvara-conscience.com\/index.php\/wp-json\/wp\/v2\/users\/1"}],"replies":[{"embeddable":true,"href":"https:\/\/ishvara-conscience.com\/index.php\/wp-json\/wp\/v2\/comments?post=381"}],"version-history":[{"count":8,"href":"https:\/\/ishvara-conscience.com\/index.php\/wp-json\/wp\/v2\/pages\/381\/revisions"}],"predecessor-version":[{"id":742,"href":"https:\/\/ishvara-conscience.com\/index.php\/wp-json\/wp\/v2\/pages\/381\/revisions\/742"}],"up":[{"embeddable":true,"href":"https:\/\/ishvara-conscience.com\/index.php\/wp-json\/wp\/v2\/pages\/27"}],"wp:attachment":[{"href":"https:\/\/ishvara-conscience.com\/index.php\/wp-json\/wp\/v2\/media?parent=381"}],"curies":[{"name":"wp","href":"https:\/\/api.w.org\/{rel}","templated":true}]}}