{"id":368,"date":"2023-12-14T21:01:45","date_gmt":"2023-12-14T20:01:45","guid":{"rendered":"https:\/\/ishvara-conscience.com\/?page_id=368"},"modified":"2024-01-26T23:20:30","modified_gmt":"2024-01-26T22:20:30","slug":"fleurs-de-bach","status":"publish","type":"page","link":"https:\/\/ishvara-conscience.com\/index.php\/accompagnement\/fleurs-de-bach\/","title":{"rendered":"Fleurs de bach"},"content":{"rendered":"\n<h3 class=\"wp-block-heading\" style=\"font-size:32px\"><strong>Les consultations en fleurs de bach<\/strong><\/h3>\n\n\n\n<div style=\"height:40px\" aria-hidden=\"true\" class=\"wp-block-spacer\"><\/div>\n\n\n\n<p style=\"font-size:18px\">Votre mal-\u00eatre psychologique ou physique provient tr\u00e8s souvent de vos restrictions, peurs, doutes, instabilit\u00e9s, chagrins, incertitudes\u2026<\/p>\n\n\n\n<p style=\"font-size:18px\">Si vous laissez vos \u00e9motions vous dominer, vous \u00eates victimes de remous \u00e9motionnels constants, ce qui vous \u00e9loigne de votre \u00e9tat naturel de paix int\u00e9rieure.<\/p>\n\n\n\n<p style=\"font-size:18px\">Les fleurs vous aident \u00e0 revenir dans votre \u00e9quilibre naturel.<\/p>\n\n\n\n<p style=\"font-size:18px\">Elles gu\u00e9rissent, non pas en attaquant la maladie ou les pr\u00e9tendues causes externes, mais en inondant votre corps des qualit\u00e9s exactes dont vous avez besoin.<\/p>\n\n\n\n<div style=\"height:20px\" aria-hidden=\"true\" class=\"wp-block-spacer\"><\/div>\n\n\n\n<p class=\"has-background\" style=\"background-color:#ffe8a9;font-size:21px\">Prix d\u2019une consultation en fleurs de bach avec Yulara&nbsp;: <strong>60 \u20ac htva<\/strong> (72,60 \u20ac TVAC) pour <strong>1 heure<\/strong>, flacon compris<\/p>\n\n\n\n<div style=\"height:60px\" aria-hidden=\"true\" class=\"wp-block-spacer\"><\/div>\n\n\n\n<p><\/p>\n","protected":false},"excerpt":{"rendered":"<p>Les consultations en fleurs de bach Votre mal-\u00eatre psychologique ou physique provient tr\u00e8s souvent de vos restrictions, peurs, doutes, instabilit\u00e9s, chagrins, incertitudes\u2026 Si vous laissez vos \u00e9motions vous dominer, vous [&hellip;]<\/p>\n","protected":false},"author":1,"featured_media":0,"parent":21,"menu_order":4,"comment_status":"closed","ping_status":"closed","template":"","meta":{"footnotes":""},"class_list":["post-368","page","type-page","status-publish","hentry"],"_links":{"self":[{"href":"https:\/\/ishvara-conscience.com\/index.php\/wp-json\/wp\/v2\/pages\/368","targetHints":{"allow":["GET"]}}],"collection":[{"href":"https:\/\/ishvara-conscience.com\/index.php\/wp-json\/wp\/v2\/pages"}],"about":[{"href":"https:\/\/ishvara-conscience.com\/index.php\/wp-json\/wp\/v2\/types\/page"}],"author":[{"embeddable":true,"href":"https:\/\/ishvara-conscience.com\/index.php\/wp-json\/wp\/v2\/users\/1"}],"replies":[{"embeddable":true,"href":"https:\/\/ishvara-conscience.com\/index.php\/wp-json\/wp\/v2\/comments?post=368"}],"version-history":[{"count":7,"href":"https:\/\/ishvara-conscience.com\/index.php\/wp-json\/wp\/v2\/pages\/368\/revisions"}],"predecessor-version":[{"id":622,"href":"https:\/\/ishvara-conscience.com\/index.php\/wp-json\/wp\/v2\/pages\/368\/revisions\/622"}],"up":[{"embeddable":true,"href":"https:\/\/ishvara-conscience.com\/index.php\/wp-json\/wp\/v2\/pages\/21"}],"wp:attachment":[{"href":"https:\/\/ishvara-conscience.com\/index.php\/wp-json\/wp\/v2\/media?parent=368"}],"curies":[{"name":"wp","href":"https:\/\/api.w.org\/{rel}","templated":true}]}}