{"id":366,"date":"2023-12-14T20:58:48","date_gmt":"2023-12-14T19:58:48","guid":{"rendered":"https:\/\/ishvara-conscience.com\/?page_id=366"},"modified":"2025-09-15T16:15:03","modified_gmt":"2025-09-15T14:15:03","slug":"soins-energetiques","status":"publish","type":"page","link":"https:\/\/ishvara-conscience.com\/index.php\/accompagnement\/soins-energetiques\/","title":{"rendered":"Soins \u00e9nerg\u00e9tiques"},"content":{"rendered":"\n<h3 class=\"wp-block-heading\" style=\"font-size:32px\">Soins \u00e9nerg\u00e9tiques<\/h3>\n\n\n\n<div style=\"height:40px\" aria-hidden=\"true\" class=\"wp-block-spacer\"><\/div>\n\n\n\n<hr class=\"wp-block-separator has-text-color has-alpha-channel-opacity has-background is-style-wide\" style=\"background-color:#deba4d;color:#deba4d\"\/>\n\n\n\n<div style=\"height:20px\" aria-hidden=\"true\" class=\"wp-block-spacer\"><\/div>\n\n\n\n<h4 class=\"wp-block-heading\" style=\"font-size:21px\"><strong>G<\/strong><strong>u\u00e9rison transcendantale<\/strong><\/h4>\n\n\n\n<div style=\"height:10px\" aria-hidden=\"true\" class=\"wp-block-spacer\"><\/div>\n\n\n\n<p style=\"font-size:18px\">Le travail consiste \u00e0 proposer des nouveaux circuits d\u2019\u00e9nergie afin d\u2019assurer une meilleure circulation de votre \u00e9nergie vitale et de d\u00e9nouer\/d\u00e9bloquer les densit\u00e9s qui obstruent certaines zones du corps.<\/p>\n\n\n\n<p style=\"font-size:18px\">C\u2019est en reliance avec le mouvement perp\u00e9tuel de la Vie \u2013 qui est Amour par essence \u2013 que certains n\u0153uds peuvent gagner en fluidit\u00e9, en espace et en ouverture. La magie de la gu\u00e9rison op\u00e8re pour rel\u00e2cher les tensions physiques, \u00e9motionnelles et mentales et pour vous permettre de retrouver un \u00e9quilibre plus harmonieux en vous-m\u00eames.<\/p>\n\n\n\n<div style=\"height:20px\" aria-hidden=\"true\" class=\"wp-block-spacer\"><\/div>\n\n\n\n<hr class=\"wp-block-separator has-text-color has-alpha-channel-opacity has-background is-style-wide\" style=\"background-color:#deba4d;color:#deba4d\"\/>\n\n\n\n<div style=\"height:20px\" aria-hidden=\"true\" class=\"wp-block-spacer\"><\/div>\n\n\n\n<h4 class=\"wp-block-heading\" style=\"font-size:21px\"><strong>Soin \u00e9nerg\u00e9tique cr\u00e2nien<\/strong><\/h4>\n\n\n\n<div style=\"height:10px\" aria-hidden=\"true\" class=\"wp-block-spacer\"><\/div>\n\n\n\n<p style=\"font-size:18px\">Il s\u2019agit de stimuler 32 points cr\u00e2niens qui correspondent \u00e0 des domaines pr\u00e9cis de la vie, selon la m\u00e9thode \u00ab&nbsp;Access bars\u00ae&nbsp;\u00bb.<\/p>\n\n\n\n<p style=\"font-size:18px\">Ce soin vient \u00e9purer le lieu de stockage de vos croyances, vos jugements et vos \u00e9motions qui vous restreignent dans la vie.<\/p>\n\n\n\n<p style=\"font-size:18px\">Il consiste \u00e0&nbsp;:<\/p>\n\n\n\n<ul class=\"wp-block-list\">\n<li style=\"font-size:18px\">nettoyer toute surcharge lorsque vous \u00eates en suractivit\u00e9 ou en agitation mentale permanente &nbsp;;<\/li>\n\n\n\n<li style=\"font-size:18px\">lib\u00e9rer l\u2019espace disponible pour clarifier vos intentions&nbsp;lorsqu\u2019il vous est difficile de faire des choix ou de prendre une d\u00e9cision ;<\/li>\n\n\n\n<li style=\"font-size:18px\">favoriser l\u2019acc\u00e8s \u00e0 votre intuition et ouvrir aux pistes de solutions et aux infinies possibilit\u00e9s qui s\u2019offrent \u00e0 vous, lorsque vous \u00eates enferm\u00e9s dans des sch\u00e9mas de pens\u00e9es limit\u00e9s et restreints.<\/li>\n<\/ul>\n\n\n\n<div style=\"height:20px\" aria-hidden=\"true\" class=\"wp-block-spacer\"><\/div>\n\n\n\n<hr class=\"wp-block-separator has-text-color has-alpha-channel-opacity has-background is-style-wide\" style=\"background-color:#deba4d;color:#deba4d\"\/>\n\n\n\n<div style=\"height:20px\" aria-hidden=\"true\" class=\"wp-block-spacer\"><\/div>\n\n\n\n<h4 class=\"wp-block-heading\" style=\"font-size:18px\"><strong>Lib\u00e9ration des m\u00e9moires traumatiques du corps<\/strong>&nbsp;<\/h4>\n\n\n\n<div style=\"height:10px\" aria-hidden=\"true\" class=\"wp-block-spacer\"><\/div>\n\n\n\n<p style=\"font-size:18px\">Ce soin consiste en une combinaison pr\u00e9cise de points pratiqu\u00e9e sur votre corps (sur les organes, les articulations, les muscles et les glandes) afin d\u2019activer certaines zones. Il lib\u00e8re les m\u00e9moires traumatiques qui sont stock\u00e9es dans certaines parties du corps et qui vous conditionnent inconsciemment.<\/p>\n\n\n\n<p style=\"font-size:18px\">Le principe est de vous lib\u00e9rer d\u2019un circuit connu de fonctionnement et de conditionnements r\u00e9currents qui cr\u00e9ent des d\u00e9s\u00e9quilibres et des douleurs.<\/p>\n\n\n\n<p style=\"font-size:18px\">Ce soin est une invitation aux cellules de votre corps de cheminer vers l\u2019autogu\u00e9rison et l\u2019apaisement.<\/p>\n\n\n\n<div style=\"height:20px\" aria-hidden=\"true\" class=\"wp-block-spacer\"><\/div>\n\n\n\n<hr class=\"wp-block-separator has-text-color has-alpha-channel-opacity has-background is-style-wide\" style=\"background-color:#deba4d;color:#deba4d\"\/>\n\n\n\n<div style=\"height:20px\" aria-hidden=\"true\" class=\"wp-block-spacer\"><\/div>\n\n\n\n<p class=\"has-background\" style=\"background-color:#ffe8a9;font-size:21px\">Prix d\u2019un soin \u00e9nerg\u00e9tique avec Yulara&nbsp;&nbsp;: <strong>60 \u20ac<\/strong> htva (72,60 \u20ac TVAC) pour +\/- <strong>1h10<\/strong><\/p>\n\n\n\n<div style=\"height:60px\" aria-hidden=\"true\" class=\"wp-block-spacer\"><\/div>\n","protected":false},"excerpt":{"rendered":"<p>Soins \u00e9nerg\u00e9tiques Gu\u00e9rison transcendantale Le travail consiste \u00e0 proposer des nouveaux circuits d\u2019\u00e9nergie afin d\u2019assurer une meilleure circulation de votre \u00e9nergie vitale et de d\u00e9nouer\/d\u00e9bloquer les densit\u00e9s qui obstruent certaines [&hellip;]<\/p>\n","protected":false},"author":1,"featured_media":0,"parent":21,"menu_order":3,"comment_status":"closed","ping_status":"closed","template":"","meta":{"footnotes":""},"class_list":["post-366","page","type-page","status-publish","hentry"],"_links":{"self":[{"href":"https:\/\/ishvara-conscience.com\/index.php\/wp-json\/wp\/v2\/pages\/366","targetHints":{"allow":["GET"]}}],"collection":[{"href":"https:\/\/ishvara-conscience.com\/index.php\/wp-json\/wp\/v2\/pages"}],"about":[{"href":"https:\/\/ishvara-conscience.com\/index.php\/wp-json\/wp\/v2\/types\/page"}],"author":[{"embeddable":true,"href":"https:\/\/ishvara-conscience.com\/index.php\/wp-json\/wp\/v2\/users\/1"}],"replies":[{"embeddable":true,"href":"https:\/\/ishvara-conscience.com\/index.php\/wp-json\/wp\/v2\/comments?post=366"}],"version-history":[{"count":17,"href":"https:\/\/ishvara-conscience.com\/index.php\/wp-json\/wp\/v2\/pages\/366\/revisions"}],"predecessor-version":[{"id":777,"href":"https:\/\/ishvara-conscience.com\/index.php\/wp-json\/wp\/v2\/pages\/366\/revisions\/777"}],"up":[{"embeddable":true,"href":"https:\/\/ishvara-conscience.com\/index.php\/wp-json\/wp\/v2\/pages\/21"}],"wp:attachment":[{"href":"https:\/\/ishvara-conscience.com\/index.php\/wp-json\/wp\/v2\/media?parent=366"}],"curies":[{"name":"wp","href":"https:\/\/api.w.org\/{rel}","templated":true}]}}