{"id":364,"date":"2023-12-14T20:55:40","date_gmt":"2023-12-14T19:55:40","guid":{"rendered":"https:\/\/ishvara-conscience.com\/?page_id=364"},"modified":"2024-08-29T22:48:03","modified_gmt":"2024-08-29T20:48:03","slug":"constellations-systemiques","status":"publish","type":"page","link":"https:\/\/ishvara-conscience.com\/index.php\/accompagnement\/constellations-systemiques\/","title":{"rendered":"Constellations syst\u00e9miques"},"content":{"rendered":"\n<h3 class=\"wp-block-heading\" style=\"font-size:32px\"><strong>Les constellations syst\u00e9miques<\/strong><\/h3>\n\n\n\n<div style=\"height:40px\" aria-hidden=\"true\" class=\"wp-block-spacer\"><\/div>\n\n\n\n<p style=\"font-size:18px\">Cette technique th\u00e9rapeutique puissante utilise le ressenti et le champ \u00e9nerg\u00e9tique pour vous permettre de mettre en lumi\u00e8re certains blocages\u00a0inconscients et pour vous en lib\u00e9rer.<\/p>\n\n\n\n<p style=\"font-size:18px\">Elle consiste \u00e0 remettre de l\u2019ordre et de l\u2019\u00e9quilibre au sein de votre existence.<\/p>\n\n\n\n<p style=\"font-size:18px\">Toute probl\u00e9matique peut \u00eatre trait\u00e9e par une constellation, qu\u2019il s\u2019agisse d\u2019un probl\u00e8me physique, \u00e9motionnel, mental, relationnel, familial, professionnel, soci\u00e9tal\u2026<\/p>\n\n\n\n<p style=\"font-size:18px\">L\u2019important est d\u2019aller \u00e0 la source de votre blocage, d\u2019avoir une compr\u00e9hension profonde de la dynamique qui p\u00e8se lourd dans votre vie et de transformer l\u2019\u00e9nergie qui bloque en une \u00e9nergie qui facilite la gu\u00e9rison et la l\u00e9g\u00e8ret\u00e9.<\/p>\n\n\n\n<div style=\"height:20px\" aria-hidden=\"true\" class=\"wp-block-spacer\"><\/div>\n\n\n\n<p class=\"has-background\" style=\"background-color:#ffe8a9;font-size:21px\">Prix d\u2019une constellation syst\u00e9mique avec Yulara\u00a0: <strong>80 \u20ac<\/strong> htva (96,80 \u20ac TVAC) pour <strong>1h30<\/strong><\/p>\n\n\n\n<div style=\"height:60px\" aria-hidden=\"true\" class=\"wp-block-spacer\"><\/div>\n\n\n\n<p><\/p>\n","protected":false},"excerpt":{"rendered":"<p>Les constellations syst\u00e9miques Cette technique th\u00e9rapeutique puissante utilise le ressenti et le champ \u00e9nerg\u00e9tique pour vous permettre de mettre en lumi\u00e8re certains blocages\u00a0inconscients et pour vous en lib\u00e9rer. Elle consiste [&hellip;]<\/p>\n","protected":false},"author":1,"featured_media":0,"parent":21,"menu_order":2,"comment_status":"closed","ping_status":"closed","template":"","meta":{"footnotes":""},"class_list":["post-364","page","type-page","status-publish","hentry"],"_links":{"self":[{"href":"https:\/\/ishvara-conscience.com\/index.php\/wp-json\/wp\/v2\/pages\/364","targetHints":{"allow":["GET"]}}],"collection":[{"href":"https:\/\/ishvara-conscience.com\/index.php\/wp-json\/wp\/v2\/pages"}],"about":[{"href":"https:\/\/ishvara-conscience.com\/index.php\/wp-json\/wp\/v2\/types\/page"}],"author":[{"embeddable":true,"href":"https:\/\/ishvara-conscience.com\/index.php\/wp-json\/wp\/v2\/users\/1"}],"replies":[{"embeddable":true,"href":"https:\/\/ishvara-conscience.com\/index.php\/wp-json\/wp\/v2\/comments?post=364"}],"version-history":[{"count":7,"href":"https:\/\/ishvara-conscience.com\/index.php\/wp-json\/wp\/v2\/pages\/364\/revisions"}],"predecessor-version":[{"id":728,"href":"https:\/\/ishvara-conscience.com\/index.php\/wp-json\/wp\/v2\/pages\/364\/revisions\/728"}],"up":[{"embeddable":true,"href":"https:\/\/ishvara-conscience.com\/index.php\/wp-json\/wp\/v2\/pages\/21"}],"wp:attachment":[{"href":"https:\/\/ishvara-conscience.com\/index.php\/wp-json\/wp\/v2\/media?parent=364"}],"curies":[{"name":"wp","href":"https:\/\/api.w.org\/{rel}","templated":true}]}}