{"id":362,"date":"2023-12-14T20:54:43","date_gmt":"2023-12-14T19:54:43","guid":{"rendered":"https:\/\/ishvara-conscience.com\/?page_id=362"},"modified":"2024-08-29T22:51:04","modified_gmt":"2024-08-29T20:51:04","slug":"en-individuel-en-couple-ou-en-famille","status":"publish","type":"page","link":"https:\/\/ishvara-conscience.com\/index.php\/accompagnement\/en-individuel-en-couple-ou-en-famille\/","title":{"rendered":"En individuel, en couple, en famille et pour vos animaux"},"content":{"rendered":"\n<h3 class=\"wp-block-heading\" style=\"font-size:32px\">Accompagnement individuel, en couple, en famille et pour vos animaux<\/h3>\n\n\n\n<div style=\"height:40px\" aria-hidden=\"true\" class=\"wp-block-spacer\"><\/div>\n\n\n\n<h4 class=\"wp-block-heading\" style=\"font-size:21px\">Initier un processus de transformation int\u00e9rieure<\/h4>\n\n\n\n<div style=\"height:10px\" aria-hidden=\"true\" class=\"wp-block-spacer\"><\/div>\n\n\n\n<p style=\"font-size:18px\">Yulara vous propose un cheminement particulier durant un temps d\u00e9fini afin que vous d\u00e9passiez, et transmutiez les probl\u00e9matiques ou m\u00e9canismes dysfonctionnant qui sont bien implant\u00e9s dans votre vie.<\/p>\n\n\n\n<p style=\"font-size:18px\">Lors du premier rendez-vous, nous commen\u00e7ons par identifier le \u00ab&nbsp;top 3 ou top 5 \u00bb des probl\u00e9matiques r\u00e9currentes dans votre vie. Nous d\u00e9finissons ensemble les objectifs vis\u00e9s et la direction souhait\u00e9e.<\/p>\n\n\n\n<p style=\"font-size:18px\">Un cheminement sur mesure vous est ensuite propos\u00e9, \u00e0 concurrence d\u2019un rendez-vous par mois maximum, sauf exception. Chaque mois, nous r\u00e9\u00e9valuons ensemble la justesse du processus en cours. \u00c0 tout moment, le processus peut \u00eatre arr\u00eat\u00e9.<\/p>\n\n\n\n<p style=\"font-size:18px\">La finalit\u00e9 du cheminement propos\u00e9 est que vous retrouviez votre pleine capacit\u00e9 de penser et d\u2019agir, lib\u00e9r\u00e9e de nombreux poids et vieux sch\u00e9mas dysfonctionnant.<\/p>\n\n\n\n<p style=\"font-size:18px\">Le travail est avant tout un processus d\u2019autonomisation, une guidance sur votre chemin d\u2019\u00e9volution.<\/p>\n\n\n\n<div style=\"height:20px\" aria-hidden=\"true\" class=\"wp-block-spacer\"><\/div>\n\n\n\n<hr class=\"wp-block-separator has-text-color has-alpha-channel-opacity has-background is-style-wide\" style=\"background-color:#deba4d;color:#deba4d\"\/>\n\n\n\n<div style=\"height:20px\" aria-hidden=\"true\" class=\"wp-block-spacer\"><\/div>\n\n\n\n<h4 class=\"wp-block-heading\" style=\"font-size:21px\">Recevoir un accompagnement ponctuel par rapport \u00e0 un probl\u00e8me sp\u00e9cifique<\/h4>\n\n\n\n<div style=\"height:10px\" aria-hidden=\"true\" class=\"wp-block-spacer\"><\/div>\n\n\n\n<p style=\"font-size:18px\">Yulara peut \u00e9galement vous aider ponctuellement afin de vous accompagner dans la lib\u00e9ration d\u2019un probl\u00e8me sp\u00e9cifique qui p\u00e8se dans votre vie.<\/p>\n\n\n\n<p style=\"font-size:18px\">En principe, une seule s\u00e9ance suffit.&nbsp; Voici quelques exemples de demandes courantes&nbsp;:<\/p>\n\n\n\n<ul class=\"wp-block-list\">\n<li style=\"font-size:18px\">Faire le deuil d\u2019une personne d\u00e9c\u00e9d\u00e9e&nbsp;<\/li>\n\n\n\n<li style=\"font-size:18px\">Nettoyer un lieu ou une maison<\/li>\n\n\n\n<li style=\"font-size:18px\">Coup de pouce pour la r\u00e9alisation d\u2019un projet (vente d\u2019une entreprise, mise en route d\u2019un projet professionnel\u2026)&nbsp;<\/li>\n\n\n\n<li style=\"font-size:18px\">D\u00e9blocage d\u2019un h\u00e9ritage en cours&nbsp;<\/li>\n\n\n\n<li style=\"font-size:18px\">Comprendre, apaiser, voire gu\u00e9rir d\u2019un sympt\u00f4me physique ou d\u2019une maladie&nbsp;<\/li>\n\n\n\n<li style=\"font-size:18px\">R\u00e9tablir plus d&rsquo;harmonie avec vos animaux et\/ou apaiser et gu\u00e9rir leurs sympt\u00f4mes physiques et \u00e9motionnels<\/li>\n\n\n\n<li style=\"font-size:18px\">Trouver un meilleur \u00e9quilibre au sein d\u2019un couple ou d\u2019une famille&nbsp;<\/li>\n\n\n\n<li style=\"font-size:18px\">Am\u00e9liorer la qualit\u00e9 d\u2019une relation<\/li>\n\n\n\n<li style=\"font-size:18px\">Aider un enfant en difficult\u00e9&nbsp;<\/li>\n\n\n\n<li style=\"font-size:18px\">Trouver un meilleur \u00e9quilibre en couple ou en famille<\/li>\n<\/ul>\n\n\n\n<p style=\"font-size:18px\">Partout o\u00f9 vous constatez un d\u00e9s\u00e9quilibre important au sein de votre couple ou de votre famille, il est possible de trouver ensemble des pistes de solution \u00e0 mettre en place concr\u00e8tement dans votre vie, afin que votre quotidien devienne plus fluide et plus harmonieux.<\/p>\n\n\n\n<p style=\"font-size:18px\">Nous nous entretenons lors d\u2019une premi\u00e8re s\u00e9ance afin d\u2019identifier la ou les probl\u00e9matiques v\u00e9cue(s) et de d\u00e9finir l\u2019objectif vis\u00e9.<\/p>\n\n\n\n<p style=\"font-size:18px\">Un processus vous sera alors propos\u00e9 en fixant des rendez-vous individuels avec chaque membre de la famille ou chaque partenaire du couple. Nous ferons ensuite le point lors d\u2019un rendez-vous ult\u00e9rieur avec tous les membres de la famille r\u00e9unis et\/ou les deux partenaires de couple.<\/p>\n\n\n\n<p style=\"font-size:18px\">Il s\u2019agit d\u2019un processus de cocr\u00e9ation et de co\u00e9volution.<\/p>\n\n\n\n<p style=\"font-size:18px\">Il est \u00e9galement possible de venir avec votre enfant ou bien avec votre partenaire pour trouver une solution \u00e0 un unique probl\u00e8me sp\u00e9cifique. Dans ce cas, il se peut qu\u2019une seule s\u00e9ance suffise.&nbsp;<\/p>\n\n\n\n<div style=\"height:20px\" aria-hidden=\"true\" class=\"wp-block-spacer\"><\/div>\n\n\n\n<hr class=\"wp-block-separator has-text-color has-alpha-channel-opacity has-background is-style-wide\" style=\"background-color:#deba4d;color:#deba4d\"\/>\n\n\n\n<div style=\"height:20px\" aria-hidden=\"true\" class=\"wp-block-spacer\"><\/div>\n\n\n\n<h4 class=\"wp-block-heading\" style=\"font-size:21px\"><strong>Les outils utilis\u00e9s&nbsp;<\/strong><\/h4>\n\n\n\n<ul class=\"wp-block-list\">\n<li style=\"font-size:18px\">Les constellations syst\u00e9miques&nbsp;<\/li>\n\n\n\n<li style=\"font-size:18px\">La gu\u00e9rison transcendentale&nbsp;<\/li>\n\n\n\n<li style=\"font-size:18px\">Les soins \u00e9nerg\u00e9tiques<\/li>\n\n\n\n<li style=\"font-size:18px\">La psychosophie&nbsp;: au carrefour de la psychologie, de la spiritualit\u00e9 et de la philosophie&nbsp;<\/li>\n\n\n\n<li style=\"font-size:18px\">Les fleurs de bach<\/li>\n<\/ul>\n","protected":false},"excerpt":{"rendered":"<p>Accompagnement individuel, en couple, en famille et pour vos animaux Initier un processus de transformation int\u00e9rieure Yulara vous propose un cheminement particulier durant un temps d\u00e9fini afin que vous d\u00e9passiez, [&hellip;]<\/p>\n","protected":false},"author":1,"featured_media":0,"parent":21,"menu_order":1,"comment_status":"closed","ping_status":"closed","template":"","meta":{"footnotes":""},"class_list":["post-362","page","type-page","status-publish","hentry"],"_links":{"self":[{"href":"https:\/\/ishvara-conscience.com\/index.php\/wp-json\/wp\/v2\/pages\/362","targetHints":{"allow":["GET"]}}],"collection":[{"href":"https:\/\/ishvara-conscience.com\/index.php\/wp-json\/wp\/v2\/pages"}],"about":[{"href":"https:\/\/ishvara-conscience.com\/index.php\/wp-json\/wp\/v2\/types\/page"}],"author":[{"embeddable":true,"href":"https:\/\/ishvara-conscience.com\/index.php\/wp-json\/wp\/v2\/users\/1"}],"replies":[{"embeddable":true,"href":"https:\/\/ishvara-conscience.com\/index.php\/wp-json\/wp\/v2\/comments?post=362"}],"version-history":[{"count":9,"href":"https:\/\/ishvara-conscience.com\/index.php\/wp-json\/wp\/v2\/pages\/362\/revisions"}],"predecessor-version":[{"id":730,"href":"https:\/\/ishvara-conscience.com\/index.php\/wp-json\/wp\/v2\/pages\/362\/revisions\/730"}],"up":[{"embeddable":true,"href":"https:\/\/ishvara-conscience.com\/index.php\/wp-json\/wp\/v2\/pages\/21"}],"wp:attachment":[{"href":"https:\/\/ishvara-conscience.com\/index.php\/wp-json\/wp\/v2\/media?parent=362"}],"curies":[{"name":"wp","href":"https:\/\/api.w.org\/{rel}","templated":true}]}}