{"id":335,"date":"2023-12-14T19:22:36","date_gmt":"2023-12-14T18:22:36","guid":{"rendered":"https:\/\/ishvara-conscience.com\/?page_id=335"},"modified":"2025-09-21T13:23:09","modified_gmt":"2025-09-21T11:23:09","slug":"journees-de-constellations-systemiques-en-groupe","status":"publish","type":"page","link":"https:\/\/ishvara-conscience.com\/index.php\/ateliers-formations\/journees-de-constellations-systemiques-en-groupe\/","title":{"rendered":"Constellations syst\u00e9miques en groupe"},"content":{"rendered":"<section class=\"wpb-content-wrapper\"><p>[vc_row][vc_column][vc_column_text]<\/p>\n<div class=\"wp-block-spacer\" style=\"height: 40px;\" aria-hidden=\"true\">\u00a0<\/div>\n\n\n<h1 class=\"wp-block-heading has-text-align-center\" style=\"font-size: 32px;\">Constellations syst\u00e9miques en groupe<\/h1>\n\n\n<div class=\"wp-block-spacer\" style=\"height: 40px;\" aria-hidden=\"true\">\u00a0<\/div>\n\n\n<hr class=\"wp-block-separator has-text-color has-alpha-channel-opacity has-background is-style-wide\" style=\"background-color: #deba4d; color: #deba4d;\" \/>\n\n\n<div class=\"wp-block-spacer\" style=\"height: 40px;\" aria-hidden=\"true\">\u00a0<\/div>\n\n\n<h4 class=\"wp-block-heading\" style=\"font-size: 21px;\">Que sont les constellations syst\u00e9miques ?<\/h4>\n\n\n<div class=\"wp-block-spacer\" style=\"height: 20px;\" aria-hidden=\"true\">\u00a0<\/div>\n\n\n<p style=\"font-size: 18px;\">Les constellations syst\u00e9miques constituent une approche ph\u00e9nom\u00e9nologique et sont issues d\u2019un m\u00e9lange de 3 approches\u00a0:<\/p>\n\n\n<ul class=\"wp-block-list\">\n<li style=\"list-style-type: none;\">\n<ul class=\"wp-block-list\"><\/p>\n<li style=\"font-size: 18px;\">La psycho-g\u00e9n\u00e9alogie : l\u2019id\u00e9e que le transg\u00e9n\u00e9rationnel nous impacte.<\/li>\n<\/ul>\n<\/li>\n<\/ul>\n\n\n\n<ul class=\"wp-block-list\">\n<li style=\"list-style-type: none;\">\n<ul class=\"wp-block-list\"><\/p>\n<li style=\"font-size: 18px;\">La syst\u00e9mie : l&rsquo;id\u00e9e que chaque \u00e9l\u00e9ment ne peut \u00eatre pris en compte de mani\u00e8re s\u00e9par\u00e9e. Nous \u00e9largissons l\u2019angle de vue sur le syst\u00e8me global dans lequel intervient l\u2019\u00e9l\u00e9ment dysfonctionnant).<\/li>\n<\/ul>\n<\/li>\n<\/ul>\n\n\n\n<ul class=\"wp-block-list\">\n<li style=\"list-style-type: none;\">\n<ul class=\"wp-block-list\"><\/p>\n<li style=\"font-size: 18px;\">La psychanalyse : nous r\u00e9v\u00e9lons l\u2019inconscient pour qu\u2019il devienne conscient.<\/li>\n<\/ul>\n<\/li>\n<\/ul>\n\n\n\n<p style=\"font-size: 18px;\">Dans les constellations, nous utilisons principalement 2 canaux\u00a0: le ressenti et le mouvement.<\/p>\n\n\n<div class=\"wp-block-spacer\" style=\"height: 20px;\" aria-hidden=\"true\">\u00a0<\/div>\n\n\n<hr class=\"wp-block-separator has-text-color has-alpha-channel-opacity has-background is-style-wide\" style=\"background-color: #deba4d; color: #deba4d;\" \/>\n\n\n<div class=\"wp-block-spacer\" style=\"height: 20px;\" aria-hidden=\"true\">\u00a0<\/div>\n\n\n<h4 class=\"wp-block-heading\" style=\"font-size: 21px;\">Quel est le principal cadeau de cette pratique ?<\/h4>\n\n\n<div class=\"wp-block-spacer\" style=\"height: 20px;\" aria-hidden=\"true\">\u00a0<\/div>\n\n\n<p style=\"font-size: 18px;\">Cette technique th\u00e9rapeutique puissante permet de mettre en lumi\u00e8re nos blocages\u00a0inconscients et de transformer l\u2019\u00e9nergie qui bloque en une \u00e9nergie qui facilite la gu\u00e9rison et la l\u00e9g\u00e8ret\u00e9.<\/p>\n\n\n<p style=\"font-size: 18px;\">Les constellations remettent de l\u2019ordre et de l\u2019\u00e9quilibre au sein de notre existence. Elles se pratiquent en individuel et en groupe.<\/p>\n<p>Tous les sujets peuvent \u00eatre trait\u00e9s par les constellations, qu\u2019il s\u2019agisse d\u2019un probl\u00e8me physique, \u00e9motionnel, mental, relationnel, familial, professionnel, soci\u00e9tal,\u2026<\/p>\n\n\n<p style=\"font-size: 18px;\">L\u2019important est d\u2019observer le syst\u00e8me dans lequel nous faisons partie et d\u2019identifier l\u2019endroit pr\u00e9cis o\u00f9 le blocage, le mode automatique ou la blessure s\u2019est install\u00e9(e) afin d\u2019ouvrir la voie vers la transformation, l\u2019apaisement et la gu\u00e9rison.<\/p>\n\n\n<p style=\"font-size: 18px;\">Nous d\u00e9passons donc nos sch\u00e9mas dysfonctionnant, nos m\u00e9canismes d\u2019attentes, de projections ou de frustrations et d\u00e9posons les poids que nous portons consciemment et inconsciemment.<\/p>\n\n\n<div class=\"wp-block-spacer\" style=\"height: 20px;\" aria-hidden=\"true\">\u00a0<\/div>\n\n\n<hr class=\"wp-block-separator has-text-color has-alpha-channel-opacity has-background is-style-wide\" style=\"background-color: #deba4d; color: #deba4d;\" \/>\n\n\n<div class=\"wp-block-spacer\" style=\"height: 20px;\" aria-hidden=\"true\">\u00a0<\/div>\n\n\n<h4 class=\"wp-block-heading\" style=\"font-size: 21px;\">Constellations en groupe<\/h4>\n\n\n<div class=\"wp-block-spacer\" style=\"height: 20px;\" aria-hidden=\"true\">\u00a0<\/div>\n\n\n<p style=\"font-size: 18px;\">Chacun peut venir\u00a0:<\/p>\n\n\n<ul class=\"wp-block-list\">\n<li style=\"list-style-type: none;\">\n<ul class=\"wp-block-list\"><\/p>\n<li style=\"font-size: 18px;\">comme repr\u00e9sentant\u00a0: observateur et participant \u00e0 la gu\u00e9rison des personnes constell\u00e9es, travaillant sur lui-m\u00eame et sur l\u2019humanit\u00e9 tout enti\u00e8re par r\u00e9sonnance<\/li>\n\n\n<li style=\"font-size: 18px;\">ou pour un travail de constellation\u00a0: personne qui apporte une probl\u00e9matique qui lui est propre et qu\u2019elle souhaite solutionner.<\/li>\n<\/ul>\n<\/li>\n<\/ul>\n\n\n\n<div class=\"wp-block-spacer\" style=\"height: 20px;\" aria-hidden=\"true\">\u00a0<\/div>\n\n\n<hr class=\"wp-block-separator has-text-color has-alpha-channel-opacity has-background is-style-wide\" style=\"background-color: #deba4d; color: #deba4d;\" \/>\n\n\n<div class=\"wp-block-group has-background is-vertical is-content-justification-stretch is-layout-flex wp-container-core-group-is-layout-b16ad781 wp-block-group-is-layout-flex\" style=\"background-color: #fbfbfb;\">\n<h4 class=\"wp-block-heading has-text-align-center has-text-color has-background\" style=\"color: #ffffff; background-color: #692c85; font-size: 24px;\">Informations g\u00e9n\u00e9rales<\/h4>\n\n\n<div class=\"wp-block-spacer wp-container-content-728072c3\" style=\"height: 0px;\" aria-hidden=\"true\">\u00a0<\/div>\n\n\n<div class=\"wp-block-group is-vertical is-content-justification-center is-layout-flex wp-container-core-group-is-layout-4b2eccd6 wp-block-group-is-layout-flex\">\n<p class=\"has-background\" style=\"background-color: #fbfbfb; font-size: 18px;\">Dates des prochaines journ\u00e9es de constellations syst\u00e9miques en groupe :<\/p>\n\n\n<p class=\"has-background\" style=\"background-color: #fbfbfb; font-size: 18px; text-transform: capitalize;\"><strong>\u00e0 Aywaille:<\/strong><\/p>\n\n\n<figure class=\"wp-block-table\">\n<table>\n<tbody>\n<tr>\n<td>Samedi 13 septembre 2025<\/td>\n<td>de 9h \u00e0 13h30<\/td>\n<td>Rue Petit Plain, 32 &#8211; 4920 Aywaille<\/td>\n<\/tr>\n<tr>\n<td>Samedi 13 d\u00e9cembre 2025<\/td>\n<td>de 9h \u00e0 18h<\/td>\n<td>Rue Petit Plain, 32 &#8211; 4920 Aywaille<\/td>\n<\/tr>\n<tr>\n<td>Samedi 14 f\u00e9vrier 2026<\/td>\n<td>de 9h \u00e0 18h<\/td>\n<td>Rue Petit Plain, 32 &#8211; 4920 Aywaille<\/td>\n<\/tr>\n<tr>\n<td>Samedi 11 avril 2026<\/td>\n<td>de 9h \u00e0 18h<\/td>\n<td>Rue Petit Plain, 32 &#8211; 4920 Aywaille<\/td>\n<\/tr>\n<tr>\n<td>Samedi 20 juin 2026<\/td>\n<td>de 9h \u00e0 18h<\/td>\n<td>Rue Petit Plain, 32 &#8211; 4920 Aywaille<\/td>\n<\/tr>\n<\/tbody>\n<\/table>\n<\/figure>\n\n<p><strong>\u00c0 Bruxelles:<\/strong><\/p>\n\n\n<figure class=\"wp-block-table\">\n<table>\n<tbody>\n<tr>\n<td>Dimanche 12 octobre 2025<\/td>\n<td>de 9h30 \u00e0 18h<\/td>\n<td>Avenue Hamoir, 12 \u2013 1180 Uccle<\/td>\n<\/tr>\n<tr>\n<td>Samedi 18 avril 2026<\/td>\n<td>de 9h30 \u00e0 18h<\/td>\n<td>Avenue Hamoir, 12 \u2013 1180 Uccle<\/td>\n<\/tr>\n<\/tbody>\n<\/table>\n<\/figure>\n\n<\/div>\n\n\n<div class=\"wp-block-spacer wp-container-content-463bd4c8\" style=\"height: 0px;\" aria-hidden=\"true\">\u00a0<\/div>\n\n\n<div class=\"wp-block-spacer wp-container-content-62aae154\" style=\"height: 20px;\" aria-hidden=\"true\">\u00a0<\/div>\n\n\n<p class=\"has-text-align-center\" style=\"font-size: 18px;\">N\u2019h\u00e9sitez pas \u00e0 me contacter pour toute question :<\/p>\n\n\n<div class=\"wp-block-spacer wp-container-content-62aae154\" style=\"height: 0px;\" aria-hidden=\"true\">\u00a0<\/div>\n\n\n<div class=\"wp-block-columns is-layout-flex wp-container-core-columns-is-layout-9d6595d7 wp-block-columns-is-layout-flex\">\n<div class=\"wp-block-column is-layout-flow wp-block-column-is-layout-flow\">\n<p class=\"has-text-align-center\" style=\"font-size: 21px;\"><strong>yulara.delsemme@gmail.com<\/strong><\/p>\n\n<\/div>\n\n\n<div class=\"wp-block-column is-layout-flow wp-block-column-is-layout-flow\">\n<p class=\"has-text-align-center\" style=\"font-size: 21px;\"><strong>0032.479.287.505<\/strong><\/p>\n\n<\/div>\n\n<\/div>\n\n\n<p class=\"has-background\" style=\"background-color: #fbfbfb; font-size: 18px;\"><strong>A emporter avec vous : des v\u00eatements confortables, des chaussettes chaudes ou des chaussons et de quoi boire et manger \u00e0 partager lors des pauses (votre lunch et collations).<\/strong><\/p>\n\n\n<p class=\"has-background\" style=\"background-color: #fbfbfb; font-size: 18px;\"><strong>Votre constellatrice : Yulara<\/strong><\/p>\n\n<\/div>\n\n<p>&nbsp;<\/p>\n<p>[\/vc_column_text][\/vc_column][\/vc_row]<\/p>\n<\/section>","protected":false},"excerpt":{"rendered":"<p>[vc_row][vc_column][vc_column_text] Constellations syst\u00e9miques en groupe Que sont les constellations syst\u00e9miques ? Les constellations syst\u00e9miques constituent une approche ph\u00e9nom\u00e9nologique et sont issues d\u2019un m\u00e9lange de 3 approches\u00a0: Dans les constellations, nous [&hellip;]<\/p>\n","protected":false},"author":1,"featured_media":0,"parent":19,"menu_order":6,"comment_status":"closed","ping_status":"closed","template":"","meta":{"footnotes":""},"class_list":["post-335","page","type-page","status-publish","hentry"],"_links":{"self":[{"href":"https:\/\/ishvara-conscience.com\/index.php\/wp-json\/wp\/v2\/pages\/335","targetHints":{"allow":["GET"]}}],"collection":[{"href":"https:\/\/ishvara-conscience.com\/index.php\/wp-json\/wp\/v2\/pages"}],"about":[{"href":"https:\/\/ishvara-conscience.com\/index.php\/wp-json\/wp\/v2\/types\/page"}],"author":[{"embeddable":true,"href":"https:\/\/ishvara-conscience.com\/index.php\/wp-json\/wp\/v2\/users\/1"}],"replies":[{"embeddable":true,"href":"https:\/\/ishvara-conscience.com\/index.php\/wp-json\/wp\/v2\/comments?post=335"}],"version-history":[{"count":18,"href":"https:\/\/ishvara-conscience.com\/index.php\/wp-json\/wp\/v2\/pages\/335\/revisions"}],"predecessor-version":[{"id":795,"href":"https:\/\/ishvara-conscience.com\/index.php\/wp-json\/wp\/v2\/pages\/335\/revisions\/795"}],"up":[{"embeddable":true,"href":"https:\/\/ishvara-conscience.com\/index.php\/wp-json\/wp\/v2\/pages\/19"}],"wp:attachment":[{"href":"https:\/\/ishvara-conscience.com\/index.php\/wp-json\/wp\/v2\/media?parent=335"}],"curies":[{"name":"wp","href":"https:\/\/api.w.org\/{rel}","templated":true}]}}