{"id":312,"date":"2023-12-14T18:50:12","date_gmt":"2023-12-14T17:50:12","guid":{"rendered":"https:\/\/ishvara-conscience.com\/?page_id=312"},"modified":"2025-12-18T22:53:17","modified_gmt":"2025-12-18T21:53:17","slug":"formation-aux-constellations-systemiques","status":"publish","type":"page","link":"https:\/\/ishvara-conscience.com\/index.php\/ateliers-formations\/formation-aux-constellations-systemiques\/","title":{"rendered":"Formation aux constellations syst\u00e9miques"},"content":{"rendered":"\n<h3 class=\"wp-block-heading has-text-align-center\" style=\"font-size:32px\"><strong>FORMATION<\/strong> <strong>AUX CONSTELLATIONS SYSTEMIQUES<\/strong><\/h3>\n\n\n\n<div style=\"height:20px\" aria-hidden=\"true\" class=\"wp-block-spacer\"><\/div>\n\n\n\n<h2 class=\"wp-block-heading has-text-align-center\">2026 &#8211; 2027<\/h2>\n\n\n\n<div style=\"height:20px\" aria-hidden=\"true\" class=\"wp-block-spacer\"><\/div>\n\n\n\n<hr class=\"wp-block-separator has-text-color has-alpha-channel-opacity has-background is-style-wide\" style=\"background-color:#deba4d;color:#deba4d\"\/>\n\n\n\n<div style=\"height:40px\" aria-hidden=\"true\" class=\"wp-block-spacer\"><\/div>\n\n\n\n<h4 class=\"wp-block-heading\" style=\"font-size:21px\"><strong>Introduction<\/strong><\/h4>\n\n\n\n<div style=\"height:20px\" aria-hidden=\"true\" class=\"wp-block-spacer\"><\/div>\n\n\n\n<p style=\"font-size:18px\">La formation se d\u00e9roule sur deux ann\u00e9es&nbsp;: 4 modules de 3 jours par an.<\/p>\n\n\n\n<p style=\"font-size:18px\">Nous apprenons les dynamiques qui gouvernent les champs familial et organisationnel et la posture de constellateur.<\/p>\n\n\n\n<p style=\"font-size:18px\">Nous exp\u00e9rimentons +\/- 80 constellations de diff\u00e9rents types&nbsp;: en groupe, en individuel, en aveugle, en silence\u2026<\/p>\n\n\n\n<p style=\"font-size:18px\">Nous abordons de nombreux th\u00e8mes tels que&nbsp;: bourreaux\/victimes, jumeau perdu, naissance, sortie de traumas, vie ant\u00e9rieure, honorer nos anc\u00eatres, lien primal, mission de vie, le rang et la place\u2026<\/p>\n\n\n\n<p style=\"font-size:18px\">L\u2019apprentissage est avant tout bas\u00e9 sur l\u2019exp\u00e9rience directe et sur une m\u00e9thode p\u00e9dagogique&nbsp;:<\/p>\n\n\n\n<ul class=\"wp-block-list\">\n<li style=\"font-size:18px\">Comment cadrer le travail des constellations&nbsp;: nettoyage des lieux et des personnes, ancrage et connexion, protections et cl\u00f4ture.<\/li>\n<\/ul>\n\n\n\n<ul class=\"wp-block-list\">\n<li style=\"font-size:18px\">Quelles sont les lois qui permettent l\u2019\u00e9quilibre dans tout syst\u00e8me (familial et organisationnel).<\/li>\n<\/ul>\n\n\n\n<ul class=\"wp-block-list\">\n<li style=\"font-size:18px\">Comment mener une constellation&nbsp;: la juste posture, les pi\u00e8ges \u00e0 \u00e9viter et les phrases qui gu\u00e9rissent.<\/li>\n<\/ul>\n\n\n\n<div style=\"height:20px\" aria-hidden=\"true\" class=\"wp-block-spacer\"><\/div>\n\n\n\n<hr class=\"wp-block-separator has-text-color has-alpha-channel-opacity has-background is-style-wide\" style=\"background-color:#deba4d;color:#deba4d\"\/>\n\n\n\n<div style=\"height:20px\" aria-hidden=\"true\" class=\"wp-block-spacer\"><\/div>\n\n\n\n<h4 class=\"wp-block-heading\" style=\"font-size:21px\"><strong><strong>Pratique intensive des constellations<\/strong><\/strong><\/h4>\n\n\n\n<div style=\"height:20px\" aria-hidden=\"true\" class=\"wp-block-spacer\"><\/div>\n\n\n\n<p style=\"font-size:18px\">Sur deux ann\u00e9es de formation, les participants auront l\u2019occasion de vivre&nbsp;:<\/p>\n\n\n\n<ul class=\"wp-block-list\">\n<li style=\"font-size:18px\">Des constellations intra-groupe, avec le groupe en formation<\/li>\n\n\n\n<li style=\"font-size:18px\">Des constellations extra-groupe en \u00ab&nbsp;journ\u00e9e publique&nbsp;\u00bb, avec debriefing p\u00e9dagogique<\/li>\n\n\n\n<li style=\"font-size:18px\">Des constellations en intervision&nbsp;; ceci est r\u00e9serv\u00e9 aux participants de deuxi\u00e8me ann\u00e9e<\/li>\n<\/ul>\n\n\n\n<div style=\"height:20px\" aria-hidden=\"true\" class=\"wp-block-spacer\"><\/div>\n\n\n\n<hr class=\"wp-block-separator has-text-color has-alpha-channel-opacity has-background is-style-wide\" style=\"background-color:#deba4d;color:#deba4d\"\/>\n\n\n\n<div style=\"height:20px\" aria-hidden=\"true\" class=\"wp-block-spacer\"><\/div>\n\n\n\n<h4 class=\"wp-block-heading\" style=\"font-size:21px\"><strong><strong><strong><strong>Chemin d\u2019\u00e9volution int\u00e9rieure<\/strong><\/strong><\/strong><\/strong><\/h4>\n\n\n\n<div style=\"height:20px\" aria-hidden=\"true\" class=\"wp-block-spacer\"><\/div>\n\n\n\n<p style=\"font-size:18px\">Sur un cursus de deux ans, chaque participant aura l\u2019occasion d\u2019exp\u00e9rimenter +\/- 8 constellations \u00e0 partir d\u2019une question individuelle (organisationnelle ou familiale), en dehors des constellations v\u00e9cues en intervision par les participants en deuxi\u00e8me ann\u00e9e.<\/p>\n\n\n\n<div style=\"height:20px\" aria-hidden=\"true\" class=\"wp-block-spacer\"><\/div>\n\n\n\n<hr class=\"wp-block-separator has-text-color has-alpha-channel-opacity has-background is-style-wide\" style=\"background-color:#deba4d;color:#deba4d\"\/>\n\n\n\n<div class=\"wp-block-group has-background is-vertical is-content-justification-stretch is-layout-flex wp-container-core-group-is-layout-b16ad781 wp-block-group-is-layout-flex\" style=\"background-color:#fbfbfb\">\n<h4 class=\"wp-block-heading has-text-align-center has-text-color has-background\" style=\"color:#ffffff;background-color:#692c85;font-size:24px\">Informations g\u00e9n\u00e9rales<\/h4>\n\n\n\n<div style=\"height:0px\" aria-hidden=\"true\" class=\"wp-block-spacer wp-container-content-728072c3\"><\/div>\n\n\n\n<div class=\"wp-block-columns is-layout-flex wp-container-core-columns-is-layout-9d6595d7 wp-block-columns-is-layout-flex\">\n<div class=\"wp-block-column is-layout-flow wp-block-column-is-layout-flow\">\n<p class=\"has-text-align-center\" style=\"font-size:18px\"><strong>Modules 2026<\/strong><\/p>\n<\/div>\n<\/div>\n\n\n\n<div class=\"wp-block-group is-content-justification-center is-nowrap is-layout-flex wp-container-core-group-is-layout-94bc23d7 wp-block-group-is-layout-flex\">\n<figure class=\"wp-block-table\"><table><tbody><tr><td>Module 1<\/td><td>du vendredi 13 au dimanche 15 f\u00e9vrier 2026<\/td><\/tr><tr><td>Module 2<\/td><td>du vendredi 10 au dimanche 12 avril 2026<\/td><\/tr><tr><td>Module 3<\/td><td>du vendredi 19 au dimanche 21 juin 2026<\/td><\/tr><tr><td>Module 4<\/td><td>du vendredi 9 au dimanche 11 octobre 2026<\/td><\/tr><\/tbody><\/table><\/figure>\n<\/div>\n\n\n\n<div class=\"wp-block-group is-vertical is-content-justification-center is-layout-flex wp-container-core-group-is-layout-4b2eccd6 wp-block-group-is-layout-flex\">\n<p class=\"has-background\" style=\"background-color:#fbfbfb;font-size:18px\"><strong>Modules de 2027 \u00e0 d\u00e9finir<\/strong><\/p>\n\n\n\n<p class=\"has-background\" style=\"background-color:#fbfbfb;font-size:18px\"><strong>Horaires de chaque module<\/strong><\/p>\n\n\n\n<figure class=\"wp-block-table\"><table><tbody><tr><td>Vendredi<\/td><td>10h \u00e0 18h30<\/td><\/tr><tr><td>Samedi<\/td><td>9h \u00e0 18h30<\/td><\/tr><tr><td>Dimanche<\/td><td>9h \u00e0 16h<\/td><\/tr><\/tbody><\/table><\/figure>\n<\/div>\n\n\n\n<p class=\"has-background\" style=\"background-color:#fbfbfb;font-size:18px\"><strong>Lieu des modules <\/strong>:<\/p>\n\n\n\n<p class=\"has-background\" style=\"background-color:#fbfbfb;font-size:18px\">Rue Petit Plain &#8211; 4920 Aywaille<\/p>\n\n\n\n<div class=\"wp-block-group is-vertical is-layout-flex wp-container-core-group-is-layout-8cf370e7 wp-block-group-is-layout-flex\">\n<iframe src=\"https:\/\/www.google.com\/maps\/embed?pb=!1m18!1m12!1m3!1d2539.821240272289!2d5.724139912336124!3d50.46305338633756!2m3!1f0!2f0!3f0!3m2!1i1024!2i768!4f13.1!3m3!1m2!1s0x47c05e0ce70cf227%3A0x4cbb46bafff8fe38!2sRue%20Petit%20Plain%2032%2C%204920%20Aywaille!5e0!3m2!1sfr!2sbe!4v1696370571229!5m2!1sfr!2sbe\" width=\"100%\" height=\"250\" style=\"border:0;\" allowfullscreen=\"\" loading=\"lazy\" referrerpolicy=\"no-referrer-when-downgrade\"><\/iframe>\n<\/div>\n\n\n\n<p class=\"has-background\" style=\"background-color:#fbfbfb;font-size:18px\"><strong>Prix par module : 500\u20ac HTVA (605\u20ac TVAC)<\/strong><\/p>\n\n\n\n<p class=\"has-background\" style=\"background-color:#fbfbfb;font-size:18px\"><strong>En terme d&rsquo;engagement <\/strong><\/p>\n\n\n\n<p class=\"has-background\" style=\"background-color:#fbfbfb;font-size:18px\">Vous pouvez nous rejoindre \u00e0 n&rsquo;importe quel module de l&rsquo;ann\u00e9e. <br><br>Vous pouvez vous inscrire \u00e0 un premier module et puis d\u00e9cider si vous vous engagez ou non pour les 3 modules suivants de la premi\u00e8re ann\u00e9e. La premi\u00e8re ann\u00e9e est d\u00e9j\u00e0 un vrai chemin d\u2019\u00e9volution en soi&nbsp;!<\/p>\n\n\n\n<div style=\"height:0px\" aria-hidden=\"true\" class=\"wp-block-spacer wp-container-content-62aae154\"><\/div>\n\n\n\n<p class=\"has-text-align-center\" style=\"font-size:18px\">N\u2019h\u00e9sitez pas \u00e0 me contacter pour toute question :<\/p>\n\n\n\n<div style=\"height:0px\" aria-hidden=\"true\" class=\"wp-block-spacer wp-container-content-62aae154\"><\/div>\n\n\n\n<div class=\"wp-block-columns is-layout-flex wp-container-core-columns-is-layout-9d6595d7 wp-block-columns-is-layout-flex\">\n<div class=\"wp-block-column is-layout-flow wp-block-column-is-layout-flow\">\n<p class=\"has-text-align-center\" style=\"font-size:21px\"><strong>yulara.delsemme@gmail.com<\/strong><\/p>\n<\/div>\n\n\n\n<div class=\"wp-block-column is-layout-flow wp-block-column-is-layout-flow\">\n<p class=\"has-text-align-center\" style=\"font-size:21px\"><strong>0032.479.287.505<\/strong><\/p>\n<\/div>\n<\/div>\n\n\n\n<p class=\"has-background\" style=\"background-color:#fbfbfb;font-size:18px\">A emporter avec vous : <strong>des v\u00eatements confortables, des chaussettes chaudes ou des chaussons, de quoi \u00e9crire, votre lunch du midi et de quoi manger \u00e0 partager lors des pauses (collations).<\/strong><\/p>\n\n\n\n<p class=\"has-background\" style=\"background-color:#fbfbfb;font-size:18px\"><strong>Votre accompagnatrice : Yulara<\/strong><\/p>\n<\/div>\n\n\n\n<hr class=\"wp-block-separator has-text-color has-alpha-channel-opacity has-background is-style-wide\" style=\"background-color:#deba4d;color:#deba4d\"\/>\n\n\n\n<div style=\"height:20px\" aria-hidden=\"true\" class=\"wp-block-spacer\"><\/div>\n","protected":false},"excerpt":{"rendered":"<p>FORMATION AUX CONSTELLATIONS SYSTEMIQUES 2026 &#8211; 2027 Introduction La formation se d\u00e9roule sur deux ann\u00e9es&nbsp;: 4 modules de 3 jours par an. Nous apprenons les dynamiques qui gouvernent les champs [&hellip;]<\/p>\n","protected":false},"author":1,"featured_media":0,"parent":19,"menu_order":5,"comment_status":"closed","ping_status":"closed","template":"","meta":{"footnotes":""},"class_list":["post-312","page","type-page","status-publish","hentry"],"_links":{"self":[{"href":"https:\/\/ishvara-conscience.com\/index.php\/wp-json\/wp\/v2\/pages\/312","targetHints":{"allow":["GET"]}}],"collection":[{"href":"https:\/\/ishvara-conscience.com\/index.php\/wp-json\/wp\/v2\/pages"}],"about":[{"href":"https:\/\/ishvara-conscience.com\/index.php\/wp-json\/wp\/v2\/types\/page"}],"author":[{"embeddable":true,"href":"https:\/\/ishvara-conscience.com\/index.php\/wp-json\/wp\/v2\/users\/1"}],"replies":[{"embeddable":true,"href":"https:\/\/ishvara-conscience.com\/index.php\/wp-json\/wp\/v2\/comments?post=312"}],"version-history":[{"count":46,"href":"https:\/\/ishvara-conscience.com\/index.php\/wp-json\/wp\/v2\/pages\/312\/revisions"}],"predecessor-version":[{"id":820,"href":"https:\/\/ishvara-conscience.com\/index.php\/wp-json\/wp\/v2\/pages\/312\/revisions\/820"}],"up":[{"embeddable":true,"href":"https:\/\/ishvara-conscience.com\/index.php\/wp-json\/wp\/v2\/pages\/19"}],"wp:attachment":[{"href":"https:\/\/ishvara-conscience.com\/index.php\/wp-json\/wp\/v2\/media?parent=312"}],"curies":[{"name":"wp","href":"https:\/\/api.w.org\/{rel}","templated":true}]}}