{"id":31,"date":"2023-09-14T20:36:30","date_gmt":"2023-09-14T18:36:30","guid":{"rendered":"http:\/\/ishvara-conscience.com\/?page_id=31"},"modified":"2025-09-18T22:16:09","modified_gmt":"2025-09-18T20:16:09","slug":"location-de-la-yurtagone","status":"publish","type":"page","link":"https:\/\/ishvara-conscience.com\/index.php\/location-de-la-yurtagone\/","title":{"rendered":"Location de la yurtagone"},"content":{"rendered":"\n<h3 class=\"wp-block-heading\" style=\"font-size:32px\">Location de la yurtagone<\/h3>\n\n\n\n<div style=\"height:40px\" aria-hidden=\"true\" class=\"wp-block-spacer\"><\/div>\n\n\n\n<p style=\"font-size:18px\">Possibilit\u00e9 de louer la yurtagone pour vos activit\u00e9s.<\/p>\n\n\n\n<p><\/p>\n\n\n\n<p class=\"has-background\" style=\"background-color:#ffe8a9;font-size:21px\">Prix de la location&nbsp;: <strong>15 \u20ac<\/strong> htva ( 18,15 euros tvac ) pour <strong>1 heure<\/strong>.<\/p>\n\n\n\n<p class=\"has-background\" style=\"background-color:#ffe8a9;font-size:21px\">Possibilit\u00e9 de louer la yurtagone am\u00e9nag\u00e9e en tant que g\u00eete : <strong>200 \u20ac<\/strong> <strong>htva (21%) par nuit<\/strong><\/p>\n\n\n\n<p><\/p>\n","protected":false},"excerpt":{"rendered":"<p>Location de la yurtagone Possibilit\u00e9 de louer la yurtagone pour vos activit\u00e9s. Prix de la location&nbsp;: 15 \u20ac htva ( 18,15 euros tvac ) pour 1 heure. Possibilit\u00e9 de louer [&hellip;]<\/p>\n","protected":false},"author":1,"featured_media":0,"parent":0,"menu_order":0,"comment_status":"closed","ping_status":"closed","template":"","meta":{"footnotes":""},"class_list":["post-31","page","type-page","status-publish","hentry"],"_links":{"self":[{"href":"https:\/\/ishvara-conscience.com\/index.php\/wp-json\/wp\/v2\/pages\/31","targetHints":{"allow":["GET"]}}],"collection":[{"href":"https:\/\/ishvara-conscience.com\/index.php\/wp-json\/wp\/v2\/pages"}],"about":[{"href":"https:\/\/ishvara-conscience.com\/index.php\/wp-json\/wp\/v2\/types\/page"}],"author":[{"embeddable":true,"href":"https:\/\/ishvara-conscience.com\/index.php\/wp-json\/wp\/v2\/users\/1"}],"replies":[{"embeddable":true,"href":"https:\/\/ishvara-conscience.com\/index.php\/wp-json\/wp\/v2\/comments?post=31"}],"version-history":[{"count":10,"href":"https:\/\/ishvara-conscience.com\/index.php\/wp-json\/wp\/v2\/pages\/31\/revisions"}],"predecessor-version":[{"id":793,"href":"https:\/\/ishvara-conscience.com\/index.php\/wp-json\/wp\/v2\/pages\/31\/revisions\/793"}],"wp:attachment":[{"href":"https:\/\/ishvara-conscience.com\/index.php\/wp-json\/wp\/v2\/media?parent=31"}],"curies":[{"name":"wp","href":"https:\/\/api.w.org\/{rel}","templated":true}]}}