{"id":17,"date":"2023-09-14T20:34:15","date_gmt":"2023-09-14T18:34:15","guid":{"rendered":"http:\/\/ishvara-conscience.com\/?page_id=17"},"modified":"2025-12-03T17:54:06","modified_gmt":"2025-12-03T16:54:06","slug":"accueil","status":"publish","type":"page","link":"https:\/\/ishvara-conscience.com\/","title":{"rendered":"Accueil"},"content":{"rendered":"\n<div style=\"height:100px\" aria-hidden=\"true\" class=\"wp-block-spacer\"><\/div>\n\n\n\n<h1 class=\"wp-block-heading has-text-align-center\" style=\"font-size:48px\"><strong>ISHVARA<\/strong><\/h1>\n\n\n\n<h2 class=\"wp-block-heading has-text-align-center\" style=\"font-size:32px\"><strong>Centre d&rsquo;\u00e9l\u00e9vation de conscience<\/strong><\/h2>\n\n\n\n<div style=\"height:100px\" aria-hidden=\"true\" class=\"wp-block-spacer\"><\/div>\n\n\n\n<hr class=\"wp-block-separator has-text-color has-alpha-channel-opacity has-background is-style-wide\" style=\"background-color:#deba4d;color:#deba4d\"\/>\n\n\n\n<div style=\"height:20px\" aria-hidden=\"true\" class=\"wp-block-spacer\"><\/div>\n\n\n\n<h4 class=\"wp-block-heading has-text-align-left\" style=\"font-size:21px;font-style:normal;font-weight:700\"><strong>L\u2019intention<\/strong><\/h4>\n\n\n\n<div style=\"height:10px\" aria-hidden=\"true\" class=\"wp-block-spacer\"><\/div>\n\n\n\n<p class=\"has-text-align-left\" style=\"font-size:18px\">Nous avons cr\u00e9\u00e9 un lieu propice au travail de groupe et \u00e0 la reliance \u00e0 l\u2019ensemble qui nous permet de nous r\u00e9unir afin de nous transformer, de m\u00e9diter et d\u2019\u0153uvrer solidairement pour rejoindre progressivement notre essence.<\/p>\n\n\n\n<p class=\"has-text-align-left\" style=\"font-size:18px\">Et par voie de cons\u00e9quence, nous donnons une direction claire et inspir\u00e9e \u00e0 nos vies.<\/p>\n\n\n\n<p class=\"has-text-align-left\" style=\"font-size:18px\">Nous r\u00e9fl\u00e9chissons en groupe pour surmonter les d\u00e9fis de l\u2019humanit\u00e9 et saisir les opportunit\u00e9s d\u2019\u00e9volution propres \u00e0 notre \u00e9poque.<\/p>\n\n\n\n<p class=\"has-text-align-left\" style=\"font-size:18px\">Nous tentons de remplir pleinement notre r\u00f4le d\u2019\u00eatre humain, au service de l\u2019ensemble des terriens.<\/p>\n\n\n\n<div style=\"height:20px\" aria-hidden=\"true\" class=\"wp-block-spacer\"><\/div>\n\n\n\n<hr class=\"wp-block-separator has-text-color has-alpha-channel-opacity has-background is-style-wide\" style=\"background-color:#deba4d;color:#deba4d\"\/>\n\n\n\n<div style=\"height:20px\" aria-hidden=\"true\" class=\"wp-block-spacer\"><\/div>\n\n\n\n<h4 class=\"wp-block-heading has-text-align-left\" style=\"font-size:21px;font-style:normal;font-weight:700\"><strong>L\u2019accompagnement propos\u00e9<\/strong><\/h4>\n\n\n\n<div style=\"height:10px\" aria-hidden=\"true\" class=\"wp-block-spacer\"><\/div>\n\n\n\n<p style=\"font-size:18px\">Le sens profond de notre accompagnement n\u2019est ni de gu\u00e9rir notre ego qui souffre, ni de perfectionner notre personnalit\u00e9 de fa\u00e7on optimale.&nbsp;<\/p>\n\n\n\n<p style=\"font-size:18px\">L\u2019id\u00e9e est d\u2019initier un processus de d\u00e9centrage afin de nous relier davantage \u00e0 l\u2019ensemble et servir ce qui doit \u00eatre sur Terre.<\/p>\n\n\n\n<p style=\"font-size:18px\">L\u2019invitation est de devenir de plus en plus qui nous sommes fondamentalement et d\u2019apprendre \u00e0 remonter ensemble sur le plan des causes, sans agir uniquement sur les effets visibles.<\/p>\n\n\n\n<p style=\"font-size:18px\">Nous cheminons donc vers plus de compr\u00e9hension aimante, de discernement, de vision claire, d\u2019ouverture de c\u0153ur et d\u2019inclusivit\u00e9.<\/p>\n\n\n\n<p style=\"font-size:18px\">Nous travaillons dans ce passage difficile des valeurs individualistes vers des valeurs d\u2019ensemble, g\u00e9n\u00e9ratrices de relations justes, harmonieuses et solidaires entre tous les \u00eatres vivants.<\/p>\n\n\n\n<div style=\"height:20px\" aria-hidden=\"true\" class=\"wp-block-spacer\"><\/div>\n\n\n\n<hr class=\"wp-block-separator has-text-color has-alpha-channel-opacity has-background is-style-wide\" style=\"background-color:#deba4d;color:#deba4d\"\/>\n\n\n\n<div style=\"height:20px\" aria-hidden=\"true\" class=\"wp-block-spacer\"><\/div>\n\n\n\n<h4 class=\"wp-block-heading has-text-align-left\" style=\"font-size:21px;font-style:normal;font-weight:700\"><strong>Les outils fondamentaux<\/strong><\/h4>\n\n\n\n<div style=\"height:10px\" aria-hidden=\"true\" class=\"wp-block-spacer\"><\/div>\n\n\n\n<p style=\"font-size:18px\">\u2022 La <strong>m\u00e9ditation<\/strong><\/p>\n\n\n\n<p style=\"font-size:18px\">\u2022 Le <strong>yoga<\/strong><\/p>\n\n\n\n<p style=\"font-size:18px\">\u2022 Les <strong>constellations syst\u00e9miques<\/strong><\/p>\n\n\n\n<p style=\"font-size:18px\">\u2022 La <strong>gu\u00e9rison transcendentale<\/strong><\/p>\n\n\n\n<p style=\"font-size:18px\">\u2022 La <strong>psychosophie<\/strong> : vision globale de l\u2019existence qui se situe au carrefour de la psychologie, de la spiritualit\u00e9 et de la philosophie<\/p>\n\n\n\n<p style=\"font-size:18px\">\u2022  Les <strong>enseignements d\u2019Alice Bailey<\/strong>, du ma\u00eetre tib\u00e9tain Djwal Khul et la science des 7 rayons d\u2019\u00e9nergie-conscience ou 7 qualit\u00e9s fondamentales de la Vie<\/p>\n\n\n\n<p style=\"font-size:18px\">\u2022 L\u2019<strong>astrologie \u00e9sot\u00e9rique et plan\u00e9taire<\/strong><\/p>\n\n\n\n<div style=\"height:20px\" aria-hidden=\"true\" class=\"wp-block-spacer\"><\/div>\n\n\n\n<hr class=\"wp-block-separator has-text-color has-alpha-channel-opacity has-background is-style-wide\" style=\"background-color:#deba4d;color:#deba4d\"\/>\n\n\n\n<div style=\"height:20px\" aria-hidden=\"true\" class=\"wp-block-spacer\"><\/div>\n\n\n\n<h4 class=\"wp-block-heading has-text-align-left\" style=\"font-size:21px;font-style:normal;font-weight:700\"><strong>Signification d&rsquo;Ishvara<\/strong><\/h4>\n\n\n\n<div style=\"height:10px\" aria-hidden=\"true\" class=\"wp-block-spacer\"><\/div>\n\n\n\n<p style=\"font-size:18px\">Ishvara est un nom sanskrit d\u00e9crit dans les Yogas Sutras de Patanjali comme \u00e9tant l\u2019\u00e2me en toute chose, la conscience sup\u00e9rieure ou conscience de groupe. C\u2019est notre Soi sup\u00e9rieur dont la nature est connaissance absolue, amour, sagesse et intelligence cr\u00e9atrice.<\/p>\n\n\n\n<p style=\"font-size:18px\">Le cheminement pour penser, agir et vivre \u00e0 partir d\u2019Ishvara consiste \u00e0 \u0153uvrer au service du bien commun, en harmonie avec la plan\u00e8te Terre et tous ses \u00eatres vivants.<\/p>\n\n\n\n<p style=\"font-size:18px\">Ishvara nous invite \u00e0 nous rappeler que nous sommes une partie int\u00e9grante d\u2019un ensemble bien plus vaste dans lequel nous venons jouer notre r\u00f4le, anim\u00e9s par des qualit\u00e9s particuli\u00e8res.<\/p>\n\n\n\n<div style=\"height:20px\" aria-hidden=\"true\" class=\"wp-block-spacer\"><\/div>\n\n\n\n<hr class=\"wp-block-separator has-text-color has-alpha-channel-opacity has-background is-style-wide\" style=\"background-color:#deba4d;color:#deba4d\"\/>\n\n\n\n<div style=\"height:20px\" aria-hidden=\"true\" class=\"wp-block-spacer\"><\/div>\n\n\n\n<h4 class=\"wp-block-heading has-text-align-left\" style=\"font-size:21px;font-style:normal;font-weight:700\"><strong>Vos accompagnants<\/strong><\/h4>\n\n\n\n<div style=\"height:10px\" aria-hidden=\"true\" class=\"wp-block-spacer\"><\/div>\n\n\n\n<div class=\"wp-block-columns is-layout-flex wp-container-core-columns-is-layout-9d6595d7 wp-block-columns-is-layout-flex\">\n<div class=\"wp-block-column is-layout-flow wp-block-column-is-layout-flow\">\n<h5 class=\"wp-block-heading has-text-align-center\">Yulara<\/h5>\n<\/div>\n\n\n\n<div class=\"wp-block-column is-layout-flow wp-block-column-is-layout-flow\">\n<h5 class=\"wp-block-heading has-text-align-center\">Xavier<\/h5>\n<\/div>\n<\/div>\n","protected":false},"excerpt":{"rendered":"<p>ISHVARA Centre d&rsquo;\u00e9l\u00e9vation de conscience L\u2019intention Nous avons cr\u00e9\u00e9 un lieu propice au travail de groupe et \u00e0 la reliance \u00e0 l\u2019ensemble qui nous permet de nous r\u00e9unir afin de [&hellip;]<\/p>\n","protected":false},"author":1,"featured_media":0,"parent":0,"menu_order":1,"comment_status":"closed","ping_status":"closed","template":"","meta":{"footnotes":""},"class_list":["post-17","page","type-page","status-publish","hentry"],"_links":{"self":[{"href":"https:\/\/ishvara-conscience.com\/index.php\/wp-json\/wp\/v2\/pages\/17","targetHints":{"allow":["GET"]}}],"collection":[{"href":"https:\/\/ishvara-conscience.com\/index.php\/wp-json\/wp\/v2\/pages"}],"about":[{"href":"https:\/\/ishvara-conscience.com\/index.php\/wp-json\/wp\/v2\/types\/page"}],"author":[{"embeddable":true,"href":"https:\/\/ishvara-conscience.com\/index.php\/wp-json\/wp\/v2\/users\/1"}],"replies":[{"embeddable":true,"href":"https:\/\/ishvara-conscience.com\/index.php\/wp-json\/wp\/v2\/comments?post=17"}],"version-history":[{"count":64,"href":"https:\/\/ishvara-conscience.com\/index.php\/wp-json\/wp\/v2\/pages\/17\/revisions"}],"predecessor-version":[{"id":811,"href":"https:\/\/ishvara-conscience.com\/index.php\/wp-json\/wp\/v2\/pages\/17\/revisions\/811"}],"wp:attachment":[{"href":"https:\/\/ishvara-conscience.com\/index.php\/wp-json\/wp\/v2\/media?parent=17"}],"curies":[{"name":"wp","href":"https:\/\/api.w.org\/{rel}","templated":true}]}}